{"id":527,"date":"2023-09-18T10:14:16","date_gmt":"2023-09-18T10:14:16","guid":{"rendered":"https:\/\/new.pauteknokent.com.tr\/?page_id=527"},"modified":"2025-08-18T17:54:50","modified_gmt":"2025-08-18T14:54:50","slug":"board-of-directors","status":"publish","type":"page","link":"https:\/\/www.pauteknokent.com.tr\/en\/board-of-directors","title":{"rendered":"Board of Directors"},"content":{"rendered":"<div data-elementor-type=\"wp-page\" data-elementor-id=\"527\" class=\"elementor elementor-527\" data-elementor-post-type=\"page\">\n\t\t\t\t\t\t<section class=\"elementor-section elementor-top-section elementor-element elementor-element-a3459b6 elementor-section-boxed elementor-section-height-default elementor-section-height-default\" data-id=\"a3459b6\" data-element_type=\"section\" data-e-type=\"section\" data-settings=\"{&quot;ekit_has_onepagescroll_dot&quot;:&quot;yes&quot;}\">\n\t\t\t\t\t\t<div class=\"elementor-container elementor-column-gap-default\">\n\t\t\t\t\t<div class=\"elementor-column elementor-col-100 elementor-top-column elementor-element elementor-element-f5d27da\" data-id=\"f5d27da\" data-element_type=\"column\" data-e-type=\"column\">\n\t\t\t<div class=\"elementor-widget-wrap elementor-element-populated\">\n\t\t\t\t\t\t<section class=\"elementor-section elementor-inner-section elementor-element elementor-element-4a40651 elementor-section-boxed elementor-section-height-default elementor-section-height-default\" data-id=\"4a40651\" data-element_type=\"section\" data-e-type=\"section\" data-settings=\"{&quot;ekit_has_onepagescroll_dot&quot;:&quot;yes&quot;}\">\n\t\t\t\t\t\t<div class=\"elementor-container elementor-column-gap-default\">\n\t\t\t\t\t<div class=\"elementor-column elementor-col-33 elementor-inner-column elementor-element elementor-element-6c645fe\" data-id=\"6c645fe\" data-element_type=\"column\" data-e-type=\"column\">\n\t\t\t<div class=\"elementor-widget-wrap\">\n\t\t\t\t\t\t\t<\/div>\n\t\t<\/div>\n\t\t\t\t<div class=\"elementor-column elementor-col-33 elementor-inner-column elementor-element elementor-element-efcc28d\" data-id=\"efcc28d\" data-element_type=\"column\" data-e-type=\"column\">\n\t\t\t<div class=\"elementor-widget-wrap elementor-element-populated\">\n\t\t\t\t\t\t<div class=\"elementor-element elementor-element-86c207b elementor-widget elementor-widget-elementskit-team\" data-id=\"86c207b\" data-element_type=\"widget\" data-e-type=\"widget\" data-settings=\"{&quot;ekit_we_effect_on&quot;:&quot;none&quot;}\" data-widget_type=\"elementskit-team.default\">\n\t\t\t\t<div class=\"elementor-widget-container\">\n\t\t\t\t\t<div class=\"ekit-wid-con\">\t\t <div class=\"profile-square-v\"> \t\t\t\t\t\t\n\t\t<div class=\"profile-card elementor-animation- text-center ekit-team-style-centered_style\">\n\t\t\t\n\t\t\t\t<div class=\"profile-header ekit-team-img\" >\n\t\t\t\t\t<img fetchpriority=\"high\" decoding=\"async\" width=\"500\" height=\"500\" src=\"https:\/\/www.pauteknokent.com.tr\/wp-content\/uploads\/2025\/05\/649.jpeg\" class=\"attachment-full size-full wp-image-3685\" alt=\"\" srcset=\"https:\/\/www.pauteknokent.com.tr\/wp-content\/uploads\/2025\/05\/649.jpeg 500w, https:\/\/www.pauteknokent.com.tr\/wp-content\/uploads\/2025\/05\/649-300x300.jpeg 300w, https:\/\/www.pauteknokent.com.tr\/wp-content\/uploads\/2025\/05\/649-150x150.jpeg 150w, https:\/\/www.pauteknokent.com.tr\/wp-content\/uploads\/2025\/05\/649-12x12.jpeg 12w\" sizes=\"(max-width: 500px) 100vw, 500px\" \/>\t\t\t\t<\/div><!-- .profile-header END -->\n\t\t\t\n\n\t\t\t\t<div class=\"profile-body\">\n\t\t\t\t\t\n\t\t\t\t\t<h2 class=\"profile-title\">\n\t\t\t\t\t\t\t\t\t\t\tProf. Dr. Mahmud G\u00dcNG\u00d6R\t\t\t\t\t\t\t\t\t\t<\/h2>\n\t\t\t\t\t<p class=\"profile-designation\">Chairman of the Board of Directors<\/p>\n\t\t\t\t\t\t\t\t\t<\/div><!-- .profile-body END -->\n\n\t\t\t\t\t\t\t\t<\/div>\n\t\t\t\t <\/div> \t\t\t\n\t\t\t\n\t\t\t\t<\/div>\t\t\t\t<\/div>\n\t\t\t\t<\/div>\n\t\t\t\t\t<\/div>\n\t\t<\/div>\n\t\t\t\t<div class=\"elementor-column elementor-col-33 elementor-inner-column elementor-element elementor-element-907d8b5\" data-id=\"907d8b5\" data-element_type=\"column\" data-e-type=\"column\">\n\t\t\t<div class=\"elementor-widget-wrap\">\n\t\t\t\t\t\t\t<\/div>\n\t\t<\/div>\n\t\t\t\t\t<\/div>\n\t\t<\/section>\n\t\t\t\t<section class=\"elementor-section elementor-inner-section elementor-element elementor-element-8cec4da elementor-section-boxed elementor-section-height-default elementor-section-height-default\" data-id=\"8cec4da\" data-element_type=\"section\" data-e-type=\"section\" data-settings=\"{&quot;ekit_has_onepagescroll_dot&quot;:&quot;yes&quot;}\">\n\t\t\t\t\t\t<div class=\"elementor-container elementor-column-gap-default\">\n\t\t\t\t\t<div class=\"elementor-column elementor-col-33 elementor-inner-column elementor-element elementor-element-e737dc3\" data-id=\"e737dc3\" data-element_type=\"column\" data-e-type=\"column\">\n\t\t\t<div class=\"elementor-widget-wrap elementor-element-populated\">\n\t\t\t\t\t\t<div class=\"elementor-element elementor-element-5f50c38 elementor-widget elementor-widget-elementskit-team\" data-id=\"5f50c38\" data-element_type=\"widget\" data-e-type=\"widget\" data-settings=\"{&quot;ekit_we_effect_on&quot;:&quot;none&quot;}\" data-widget_type=\"elementskit-team.default\">\n\t\t\t\t<div class=\"elementor-widget-container\">\n\t\t\t\t\t<div class=\"ekit-wid-con\">\t\t <div class=\"profile-square-v\"> \t\t\t\t\t\t\n\t\t<div class=\"profile-card elementor-animation- text-center ekit-team-style-centered_style\">\n\t\t\t\n\t\t\t\t<div class=\"profile-header ekit-team-img\" >\n\t\t\t\t\t<img decoding=\"async\" width=\"2560\" height=\"2560\" src=\"https:\/\/www.pauteknokent.com.tr\/wp-content\/uploads\/2023\/10\/yu1613564213-scaled.jpg\" class=\"attachment-full size-full wp-image-830\" alt=\"\" srcset=\"https:\/\/www.pauteknokent.com.tr\/wp-content\/uploads\/2023\/10\/yu1613564213-scaled.jpg 2560w, https:\/\/www.pauteknokent.com.tr\/wp-content\/uploads\/2023\/10\/yu1613564213-300x300.jpg 300w, https:\/\/www.pauteknokent.com.tr\/wp-content\/uploads\/2023\/10\/yu1613564213-1024x1024.jpg 1024w, https:\/\/www.pauteknokent.com.tr\/wp-content\/uploads\/2023\/10\/yu1613564213-150x150.jpg 150w, https:\/\/www.pauteknokent.com.tr\/wp-content\/uploads\/2023\/10\/yu1613564213-768x768.jpg 768w, https:\/\/www.pauteknokent.com.tr\/wp-content\/uploads\/2023\/10\/yu1613564213-1536x1536.jpg 1536w, https:\/\/www.pauteknokent.com.tr\/wp-content\/uploads\/2023\/10\/yu1613564213-2048x2048.jpg 2048w\" sizes=\"(max-width: 2560px) 100vw, 2560px\" \/>\t\t\t\t<\/div><!-- .profile-header END -->\n\t\t\t\n\n\t\t\t\t<div class=\"profile-body\">\n\t\t\t\t\t\n\t\t\t\t\t<h2 class=\"profile-title\">\n\t\t\t\t\t\t\t\t\t\t\tH\u00fcseyin MEM\u0130\u015eO\u011eLU\t\t\t\t\t\t\t\t\t\t<\/h2>\n\t\t\t\t\t<p class=\"profile-designation\">Deputy Chairman of the Board of Directors<\/p>\n\t\t\t\t\t\t\t\t\t\t<p class=\"profile-content\">DENIB President<\/p>\n\t\t\t\t\t\t\t\t\t<\/div><!-- .profile-body END -->\n\n\t\t\t\t\t\t\t\t<\/div>\n\t\t\t\t <\/div> \t\t\t\n\t\t\t\n\t\t\t\t<\/div>\t\t\t\t<\/div>\n\t\t\t\t<\/div>\n\t\t\t\t\t<\/div>\n\t\t<\/div>\n\t\t\t\t<div class=\"elementor-column elementor-col-33 elementor-inner-column elementor-element elementor-element-c596c8e\" data-id=\"c596c8e\" data-element_type=\"column\" data-e-type=\"column\">\n\t\t\t<div class=\"elementor-widget-wrap elementor-element-populated\">\n\t\t\t\t\t\t<div class=\"elementor-element elementor-element-efb486b elementor-widget elementor-widget-elementskit-team\" data-id=\"efb486b\" data-element_type=\"widget\" data-e-type=\"widget\" data-settings=\"{&quot;ekit_we_effect_on&quot;:&quot;none&quot;}\" data-widget_type=\"elementskit-team.default\">\n\t\t\t\t<div class=\"elementor-widget-container\">\n\t\t\t\t\t<div class=\"ekit-wid-con\">\t\t <div class=\"profile-square-v\"> \t\t\t\t\t\t\n\t\t<div class=\"profile-card elementor-animation- text-center ekit-team-style-centered_style\">\n\t\t\t\n\t\t\t\t<div class=\"profile-header ekit-team-img\" >\n\t\t\t\t\t<img decoding=\"async\" width=\"500\" height=\"500\" src=\"https:\/\/www.pauteknokent.com.tr\/wp-content\/uploads\/2024\/04\/r240408111528621.jpg\" class=\"attachment-full size-full wp-image-2432\" alt=\"\" srcset=\"https:\/\/www.pauteknokent.com.tr\/wp-content\/uploads\/2024\/04\/r240408111528621.jpg 500w, https:\/\/www.pauteknokent.com.tr\/wp-content\/uploads\/2024\/04\/r240408111528621-300x300.jpg 300w, https:\/\/www.pauteknokent.com.tr\/wp-content\/uploads\/2024\/04\/r240408111528621-150x150.jpg 150w, https:\/\/www.pauteknokent.com.tr\/wp-content\/uploads\/2024\/04\/r240408111528621-12x12.jpg 12w\" sizes=\"(max-width: 500px) 100vw, 500px\" \/>\t\t\t\t<\/div><!-- .profile-header END -->\n\t\t\t\n\n\t\t\t\t<div class=\"profile-body\">\n\t\t\t\t\t\n\t\t\t\t\t<h2 class=\"profile-title\">\n\t\t\t\t\t\t\t\t\t\t\tB\u00fclent Nuri \u00c7AVU\u015eO\u011eLU\t\t\t\t\t\t\t\t\t\t<\/h2>\n\t\t\t\t\t<p class=\"profile-designation\">Board Member<\/p>\n\t\t\t\t\t\t\t\t\t\t<p class=\"profile-content\">Mayor of Denizli BB<\/p>\n\t\t\t\t\t\t\t\t\t<\/div><!-- .profile-body END -->\n\n\t\t\t\t\t\t\t\t<\/div>\n\t\t\t\t <\/div> \t\t\t\n\t\t\t\n\t\t\t\t<\/div>\t\t\t\t<\/div>\n\t\t\t\t<\/div>\n\t\t\t\t\t<\/div>\n\t\t<\/div>\n\t\t\t\t<div class=\"elementor-column elementor-col-33 elementor-inner-column elementor-element elementor-element-0be73bc\" data-id=\"0be73bc\" data-element_type=\"column\" data-e-type=\"column\">\n\t\t\t<div class=\"elementor-widget-wrap elementor-element-populated\">\n\t\t\t\t\t\t<div class=\"elementor-element elementor-element-2e449f3 elementor-widget elementor-widget-elementskit-team\" data-id=\"2e449f3\" data-element_type=\"widget\" data-e-type=\"widget\" data-settings=\"{&quot;ekit_we_effect_on&quot;:&quot;none&quot;}\" data-widget_type=\"elementskit-team.default\">\n\t\t\t\t<div class=\"elementor-widget-container\">\n\t\t\t\t\t<div class=\"ekit-wid-con\">\t\t <div class=\"profile-square-v\"> \t\t\t\t\t\t\n\t\t<div class=\"profile-card elementor-animation- text-center ekit-team-style-centered_style\">\n\t\t\t\n\t\t\t\t<div class=\"profile-header ekit-team-img\" >\n\t\t\t\t\t<img loading=\"lazy\" decoding=\"async\" width=\"451\" height=\"451\" src=\"https:\/\/www.pauteknokent.com.tr\/wp-content\/uploads\/2023\/10\/ty1613563807.jpg\" class=\"attachment-full size-full wp-image-789\" alt=\"\" srcset=\"https:\/\/www.pauteknokent.com.tr\/wp-content\/uploads\/2023\/10\/ty1613563807.jpg 451w, https:\/\/www.pauteknokent.com.tr\/wp-content\/uploads\/2023\/10\/ty1613563807-300x300.jpg 300w, https:\/\/www.pauteknokent.com.tr\/wp-content\/uploads\/2023\/10\/ty1613563807-150x150.jpg 150w\" sizes=\"(max-width: 451px) 100vw, 451px\" \/>\t\t\t\t<\/div><!-- .profile-header END -->\n\t\t\t\n\n\t\t\t\t<div class=\"profile-body\">\n\t\t\t\t\t\n\t\t\t\t\t<h2 class=\"profile-title\">\n\t\t\t\t\t\t\t\t\t\t\tIbrahim TEFENL\u0130L\u0130\t\t\t\t\t\t\t\t\t\t<\/h2>\n\t\t\t\t\t<p class=\"profile-designation\">Board Member<\/p>\n\t\t\t\t\t\t\t\t\t\t<p class=\"profile-content\">President of Denizli Commodity Exchange<\/p>\n\t\t\t\t\t\t\t\t\t<\/div><!-- .profile-body END -->\n\n\t\t\t\t\t\t\t\t<\/div>\n\t\t\t\t <\/div> \t\t\t\n\t\t\t\n\t\t\t\t<\/div>\t\t\t\t<\/div>\n\t\t\t\t<\/div>\n\t\t\t\t\t<\/div>\n\t\t<\/div>\n\t\t\t\t\t<\/div>\n\t\t<\/section>\n\t\t\t\t<section class=\"elementor-section elementor-inner-section elementor-element elementor-element-823fdb5 elementor-section-boxed elementor-section-height-default elementor-section-height-default\" data-id=\"823fdb5\" data-element_type=\"section\" data-e-type=\"section\" data-settings=\"{&quot;ekit_has_onepagescroll_dot&quot;:&quot;yes&quot;}\">\n\t\t\t\t\t\t<div class=\"elementor-container elementor-column-gap-default\">\n\t\t\t\t\t<div class=\"elementor-column elementor-col-33 elementor-inner-column elementor-element elementor-element-0717426\" data-id=\"0717426\" data-element_type=\"column\" data-e-type=\"column\">\n\t\t\t<div class=\"elementor-widget-wrap elementor-element-populated\">\n\t\t\t\t\t\t<div class=\"elementor-element elementor-element-d2e3f0c elementor-widget elementor-widget-elementskit-team\" data-id=\"d2e3f0c\" data-element_type=\"widget\" data-e-type=\"widget\" data-settings=\"{&quot;ekit_we_effect_on&quot;:&quot;none&quot;}\" data-widget_type=\"elementskit-team.default\">\n\t\t\t\t<div class=\"elementor-widget-container\">\n\t\t\t\t\t<div class=\"ekit-wid-con\">\t\t <div class=\"profile-square-v\"> \t\t\t\t\t\t\n\t\t<div class=\"profile-card elementor-animation- text-center ekit-team-style-centered_style\">\n\t\t\t\n\t\t\t\t<div class=\"profile-header ekit-team-img\" >\n\t\t\t\t\t<img loading=\"lazy\" decoding=\"async\" width=\"212\" height=\"212\" src=\"https:\/\/www.pauteknokent.com.tr\/wp-content\/uploads\/2023\/10\/ty1632209246.jpg\" class=\"attachment-full size-full wp-image-826\" alt=\"\" srcset=\"https:\/\/www.pauteknokent.com.tr\/wp-content\/uploads\/2023\/10\/ty1632209246.jpg 212w, https:\/\/www.pauteknokent.com.tr\/wp-content\/uploads\/2023\/10\/ty1632209246-150x150.jpg 150w\" sizes=\"(max-width: 212px) 100vw, 212px\" \/>\t\t\t\t<\/div><!-- .profile-header END -->\n\t\t\t\n\n\t\t\t\t<div class=\"profile-body\">\n\t\t\t\t\t\n\t\t\t\t\t<h2 class=\"profile-title\">\n\t\t\t\t\t\t\t\t\t\t\tU\u011fur ERDO\u011eAN\t\t\t\t\t\t\t\t\t\t<\/h2>\n\t\t\t\t\t<p class=\"profile-designation\">Board Member<\/p>\n\t\t\t\t\t\t\t\t\t\t<p class=\"profile-content\">President of Denizli Chamber of Commerce<\/p>\n\t\t\t\t\t\t\t\t\t<\/div><!-- .profile-body END -->\n\n\t\t\t\t\t\t\t\t<\/div>\n\t\t\t\t <\/div> \t\t\t\n\t\t\t\n\t\t\t\t<\/div>\t\t\t\t<\/div>\n\t\t\t\t<\/div>\n\t\t\t\t\t<\/div>\n\t\t<\/div>\n\t\t\t\t<div class=\"elementor-column elementor-col-33 elementor-inner-column elementor-element elementor-element-1b5b996\" data-id=\"1b5b996\" data-element_type=\"column\" data-e-type=\"column\">\n\t\t\t<div class=\"elementor-widget-wrap elementor-element-populated\">\n\t\t\t\t\t\t<div class=\"elementor-element elementor-element-920a4f0 elementor-widget elementor-widget-elementskit-team\" data-id=\"920a4f0\" data-element_type=\"widget\" data-e-type=\"widget\" data-settings=\"{&quot;ekit_we_effect_on&quot;:&quot;none&quot;}\" data-widget_type=\"elementskit-team.default\">\n\t\t\t\t<div class=\"elementor-widget-container\">\n\t\t\t\t\t<div class=\"ekit-wid-con\">\t\t <div class=\"profile-square-v\"> \t\t\t\t\t\t\n\t\t<div class=\"profile-card elementor-animation- text-center ekit-team-style-centered_style\">\n\t\t\t\n\t\t\t\t<div class=\"profile-header ekit-team-img\" >\n\t\t\t\t\t<img loading=\"lazy\" decoding=\"async\" width=\"1715\" height=\"1716\" src=\"https:\/\/www.pauteknokent.com.tr\/wp-content\/uploads\/2023\/10\/ty1667472197.jpg\" class=\"attachment-full size-full wp-image-821\" alt=\"\" srcset=\"https:\/\/www.pauteknokent.com.tr\/wp-content\/uploads\/2023\/10\/ty1667472197.jpg 1715w, https:\/\/www.pauteknokent.com.tr\/wp-content\/uploads\/2023\/10\/ty1667472197-300x300.jpg 300w, https:\/\/www.pauteknokent.com.tr\/wp-content\/uploads\/2023\/10\/ty1667472197-1024x1024.jpg 1024w, https:\/\/www.pauteknokent.com.tr\/wp-content\/uploads\/2023\/10\/ty1667472197-150x150.jpg 150w, https:\/\/www.pauteknokent.com.tr\/wp-content\/uploads\/2023\/10\/ty1667472197-768x768.jpg 768w, https:\/\/www.pauteknokent.com.tr\/wp-content\/uploads\/2023\/10\/ty1667472197-1536x1536.jpg 1536w\" sizes=\"(max-width: 1715px) 100vw, 1715px\" \/>\t\t\t\t<\/div><!-- .profile-header END -->\n\t\t\t\n\n\t\t\t\t<div class=\"profile-body\">\n\t\t\t\t\t\n\t\t\t\t\t<h2 class=\"profile-title\">\n\t\t\t\t\t\t\t\t\t\t\tSelim KASAPO\u011eLU\t\t\t\t\t\t\t\t\t\t<\/h2>\n\t\t\t\t\t<p class=\"profile-designation\">Board Member<\/p>\n\t\t\t\t\t\t\t\t\t\t<p class=\"profile-content\">President of Denizli Chamber of Industry<\/p>\n\t\t\t\t\t\t\t\t\t<\/div><!-- .profile-body END -->\n\n\t\t\t\t\t\t\t\t<\/div>\n\t\t\t\t <\/div> \t\t\t\n\t\t\t\n\t\t\t\t<\/div>\t\t\t\t<\/div>\n\t\t\t\t<\/div>\n\t\t\t\t\t<\/div>\n\t\t<\/div>\n\t\t\t\t<div class=\"elementor-column elementor-col-33 elementor-inner-column elementor-element elementor-element-21ba76c\" data-id=\"21ba76c\" data-element_type=\"column\" data-e-type=\"column\">\n\t\t\t<div class=\"elementor-widget-wrap elementor-element-populated\">\n\t\t\t\t\t\t<div class=\"elementor-element elementor-element-7594dd8 elementor-widget elementor-widget-elementskit-team\" data-id=\"7594dd8\" data-element_type=\"widget\" data-e-type=\"widget\" data-settings=\"{&quot;ekit_we_effect_on&quot;:&quot;none&quot;}\" data-widget_type=\"elementskit-team.default\">\n\t\t\t\t<div class=\"elementor-widget-container\">\n\t\t\t\t\t<div class=\"ekit-wid-con\">\t\t <div class=\"profile-square-v\"> \t\t\t\t\t\t\n\t\t<div class=\"profile-card elementor-animation- text-center ekit-team-style-centered_style\">\n\t\t\t\n\t\t\t\t<div class=\"profile-header ekit-team-img\" >\n\t\t\t\t\t<img loading=\"lazy\" decoding=\"async\" width=\"500\" height=\"500\" src=\"https:\/\/www.pauteknokent.com.tr\/wp-content\/uploads\/2025\/05\/185.jpeg\" class=\"attachment-full size-full wp-image-3679\" alt=\"\" srcset=\"https:\/\/www.pauteknokent.com.tr\/wp-content\/uploads\/2025\/05\/185.jpeg 500w, https:\/\/www.pauteknokent.com.tr\/wp-content\/uploads\/2025\/05\/185-300x300.jpeg 300w, https:\/\/www.pauteknokent.com.tr\/wp-content\/uploads\/2025\/05\/185-150x150.jpeg 150w, https:\/\/www.pauteknokent.com.tr\/wp-content\/uploads\/2025\/05\/185-12x12.jpeg 12w\" sizes=\"(max-width: 500px) 100vw, 500px\" \/>\t\t\t\t<\/div><!-- .profile-header END -->\n\t\t\t\n\n\t\t\t\t<div class=\"profile-body\">\n\t\t\t\t\t\n\t\t\t\t\t<h2 class=\"profile-title\">\n\t\t\t\t\t\t\t\t\t\t\tProf. Dr. Ersan \u00d6Z\t\t\t\t\t\t\t\t\t\t<\/h2>\n\t\t\t\t\t<p class=\"profile-designation\">Board Member<\/p>\n\t\t\t\t\t\t\t\t\t<\/div><!-- .profile-body END -->\n\n\t\t\t\t\t\t\t\t<\/div>\n\t\t\t\t <\/div> \t\t\t\n\t\t\t\n\t\t\t\t<\/div>\t\t\t\t<\/div>\n\t\t\t\t<\/div>\n\t\t\t\t\t<\/div>\n\t\t<\/div>\n\t\t\t\t\t<\/div>\n\t\t<\/section>\n\t\t\t\t<section class=\"elementor-section elementor-inner-section elementor-element elementor-element-9a5dfb6 elementor-section-boxed elementor-section-height-default elementor-section-height-default\" data-id=\"9a5dfb6\" data-element_type=\"section\" data-e-type=\"section\" data-settings=\"{&quot;ekit_has_onepagescroll_dot&quot;:&quot;yes&quot;}\">\n\t\t\t\t\t\t<div class=\"elementor-container elementor-column-gap-default\">\n\t\t\t\t\t<div class=\"elementor-column elementor-col-33 elementor-inner-column elementor-element elementor-element-3c29bd5\" data-id=\"3c29bd5\" data-element_type=\"column\" data-e-type=\"column\">\n\t\t\t<div class=\"elementor-widget-wrap elementor-element-populated\">\n\t\t\t\t\t\t<div class=\"elementor-element elementor-element-65bc895 elementor-widget elementor-widget-elementskit-team\" data-id=\"65bc895\" data-element_type=\"widget\" data-e-type=\"widget\" data-settings=\"{&quot;ekit_we_effect_on&quot;:&quot;none&quot;}\" data-widget_type=\"elementskit-team.default\">\n\t\t\t\t<div class=\"elementor-widget-container\">\n\t\t\t\t\t<div class=\"ekit-wid-con\">\t\t <div class=\"profile-square-v\"> \t\t\t\t\t\t\n\t\t<div class=\"profile-card elementor-animation- text-center ekit-team-style-centered_style\">\n\t\t\t\n\t\t\t\t<div class=\"profile-header ekit-team-img\" >\n\t\t\t\t\t<img loading=\"lazy\" decoding=\"async\" width=\"500\" height=\"500\" src=\"https:\/\/www.pauteknokent.com.tr\/wp-content\/uploads\/2025\/05\/0889.jpg\" class=\"attachment-full size-full wp-image-3691\" alt=\"\" srcset=\"https:\/\/www.pauteknokent.com.tr\/wp-content\/uploads\/2025\/05\/0889.jpg 500w, https:\/\/www.pauteknokent.com.tr\/wp-content\/uploads\/2025\/05\/0889-300x300.jpg 300w, https:\/\/www.pauteknokent.com.tr\/wp-content\/uploads\/2025\/05\/0889-150x150.jpg 150w, https:\/\/www.pauteknokent.com.tr\/wp-content\/uploads\/2025\/05\/0889-12x12.jpg 12w\" sizes=\"(max-width: 500px) 100vw, 500px\" \/>\t\t\t\t<\/div><!-- .profile-header END -->\n\t\t\t\n\n\t\t\t\t<div class=\"profile-body\">\n\t\t\t\t\t\n\t\t\t\t\t<h2 class=\"profile-title\">\n\t\t\t\t\t\t\t\t\t\t\tProf. Dr. Serdar \u0130PL\u0130K\u00c7\u0130\t\t\t\t\t\t\t\t\t\t<\/h2>\n\t\t\t\t\t<p class=\"profile-designation\">Board Member<\/p>\n\t\t\t\t\t\t\t\t\t<\/div><!-- .profile-body END -->\n\n\t\t\t\t\t\t\t\t<\/div>\n\t\t\t\t <\/div> \t\t\t\n\t\t\t\n\t\t\t\t<\/div>\t\t\t\t<\/div>\n\t\t\t\t<\/div>\n\t\t\t\t\t<\/div>\n\t\t<\/div>\n\t\t\t\t<div class=\"elementor-column elementor-col-33 elementor-inner-column elementor-element elementor-element-b3dbbe7\" data-id=\"b3dbbe7\" data-element_type=\"column\" data-e-type=\"column\">\n\t\t\t<div class=\"elementor-widget-wrap elementor-element-populated\">\n\t\t\t\t\t\t<div class=\"elementor-element elementor-element-4e7e855 elementor-widget elementor-widget-elementskit-team\" data-id=\"4e7e855\" data-element_type=\"widget\" data-e-type=\"widget\" data-settings=\"{&quot;ekit_we_effect_on&quot;:&quot;none&quot;}\" data-widget_type=\"elementskit-team.default\">\n\t\t\t\t<div class=\"elementor-widget-container\">\n\t\t\t\t\t<div class=\"ekit-wid-con\">\t\t <div class=\"profile-square-v\"> \t\t\t\t\t\t\n\t\t<div class=\"profile-card elementor-animation- text-center ekit-team-style-centered_style\">\n\t\t\t\n\t\t\t\t<div class=\"profile-header ekit-team-img\" >\n\t\t\t\t\t<img loading=\"lazy\" decoding=\"async\" width=\"400\" height=\"400\" src=\"https:\/\/www.pauteknokent.com.tr\/wp-content\/uploads\/2025\/08\/746.jpeg\" class=\"attachment-full size-full wp-image-3725\" alt=\"\" srcset=\"https:\/\/www.pauteknokent.com.tr\/wp-content\/uploads\/2025\/08\/746.jpeg 400w, https:\/\/www.pauteknokent.com.tr\/wp-content\/uploads\/2025\/08\/746-300x300.jpeg 300w, https:\/\/www.pauteknokent.com.tr\/wp-content\/uploads\/2025\/08\/746-150x150.jpeg 150w, https:\/\/www.pauteknokent.com.tr\/wp-content\/uploads\/2025\/08\/746-12x12.jpeg 12w\" sizes=\"(max-width: 400px) 100vw, 400px\" \/>\t\t\t\t<\/div><!-- .profile-header END -->\n\t\t\t\n\n\t\t\t\t<div class=\"profile-body\">\n\t\t\t\t\t\n\t\t\t\t\t<h2 class=\"profile-title\">\n\t\t\t\t\t\t\t\t\t\t\tProf. Dr. Mehmet \u0130NEL\t\t\t\t\t\t\t\t\t\t<\/h2>\n\t\t\t\t\t<p class=\"profile-designation\">Board Member<\/p>\n\t\t\t\t\t\t\t\t\t<\/div><!-- .profile-body END -->\n\n\t\t\t\t\t\t\t\t<\/div>\n\t\t\t\t <\/div> \t\t\t\n\t\t\t\n\t\t\t\t<\/div>\t\t\t\t<\/div>\n\t\t\t\t<\/div>\n\t\t\t\t\t<\/div>\n\t\t<\/div>\n\t\t\t\t<div class=\"elementor-column elementor-col-33 elementor-inner-column elementor-element elementor-element-c958b87\" data-id=\"c958b87\" data-element_type=\"column\" data-e-type=\"column\">\n\t\t\t<div class=\"elementor-widget-wrap\">\n\t\t\t\t\t\t\t<\/div>\n\t\t<\/div>\n\t\t\t\t\t<\/div>\n\t\t<\/section>\n\t\t\t\t\t<\/div>\n\t\t<\/div>\n\t\t\t\t\t<\/div>\n\t\t<\/section>\n\t\t\t\t<\/div>","protected":false},"excerpt":{"rendered":"<p>Prof. Dr. Mahmud G\u00dcNG\u00d6R Y\u00f6netim Kurulu Ba\u015fkan\u0131 H\u00fcseyin MEM\u0130\u015eO\u011eLU Y\u00f6netim Kurulu Ba\u015fkan Vekili DEN\u0130B Ba\u015fkan\u0131 B\u00fclent Nuri \u00c7AVU\u015eO\u011eLU Y\u00f6netim Kurulu \u00dcyesi Denizli BB Ba\u015fkan\u0131 \u0130brahim TEFENL\u0130L\u0130 Y\u00f6netim Kurulu \u00dcyesi Denizli [&hellip;]<\/p>\n","protected":false},"author":1,"featured_media":0,"parent":0,"menu_order":0,"comment_status":"closed","ping_status":"closed","template":"","meta":{"_acf_changed":false,"_price":"","_stock":"","_tribe_ticket_header":"","_tribe_default_ticket_provider":"","_tribe_ticket_capacity":"","_ticket_start_date":"","_ticket_end_date":"","_tribe_ticket_show_description":"","_tribe_ticket_show_not_going":false,"_tribe_ticket_use_global_stock":"","_tribe_ticket_global_stock_level":"","_global_stock_mode":"","_global_stock_cap":"","_tribe_rsvp_for_event":"","_tribe_ticket_going_count":"","_tribe_ticket_not_going_count":"","_tribe_tickets_list":"[]","_tribe_ticket_has_attendee_info_fields":false,"footnotes":""},"class_list":["post-527","page","type-page","status-publish","hentry"],"acf":[],"_links":{"self":[{"href":"https:\/\/www.pauteknokent.com.tr\/en\/wp-json\/wp\/v2\/pages\/527","targetHints":{"allow":["GET"]}}],"collection":[{"href":"https:\/\/www.pauteknokent.com.tr\/en\/wp-json\/wp\/v2\/pages"}],"about":[{"href":"https:\/\/www.pauteknokent.com.tr\/en\/wp-json\/wp\/v2\/types\/page"}],"author":[{"embeddable":true,"href":"https:\/\/www.pauteknokent.com.tr\/en\/wp-json\/wp\/v2\/users\/1"}],"replies":[{"embeddable":true,"href":"https:\/\/www.pauteknokent.com.tr\/en\/wp-json\/wp\/v2\/comments?post=527"}],"version-history":[{"count":24,"href":"https:\/\/www.pauteknokent.com.tr\/en\/wp-json\/wp\/v2\/pages\/527\/revisions"}],"predecessor-version":[{"id":3728,"href":"https:\/\/www.pauteknokent.com.tr\/en\/wp-json\/wp\/v2\/pages\/527\/revisions\/3728"}],"wp:attachment":[{"href":"https:\/\/www.pauteknokent.com.tr\/en\/wp-json\/wp\/v2\/media?parent=527"}],"curies":[{"name":"wp","href":"https:\/\/api.w.org\/{rel}","templated":true}]}}