{"id":3894,"date":"2026-03-30T10:37:07","date_gmt":"2026-03-30T07:37:07","guid":{"rendered":"https:\/\/www.pauteknokent.com.tr\/?page_id=3894"},"modified":"2026-03-30T14:51:46","modified_gmt":"2026-03-30T11:51:46","slug":"1812-yatirim-tabanli-girisimcilik-destek-programi-2026-1","status":"publish","type":"page","link":"https:\/\/www.pauteknokent.com.tr\/en\/1812-yatirim-tabanli-girisimcilik-destek-programi-2026-1","title":{"rendered":"1812\u2013Yat\u0131r\u0131m Tabanl\u0131 Giri\u015fimcilik Destek Program\u0131 2026-1"},"content":{"rendered":"<div data-elementor-type=\"wp-page\" data-elementor-id=\"3894\" class=\"elementor elementor-3894\" data-elementor-post-type=\"page\">\n\t\t\t\t\t\t<section class=\"elementor-section elementor-top-section elementor-element elementor-element-1491d84 elementor-section-boxed elementor-section-height-default elementor-section-height-default\" data-id=\"1491d84\" data-element_type=\"section\" data-e-type=\"section\" data-settings=\"{&quot;ekit_has_onepagescroll_dot&quot;:&quot;yes&quot;}\">\n\t\t\t\t\t\t<div class=\"elementor-container elementor-column-gap-default\">\n\t\t\t\t\t<div class=\"elementor-column elementor-col-100 elementor-top-column elementor-element elementor-element-eb12f8f\" data-id=\"eb12f8f\" data-element_type=\"column\" data-e-type=\"column\">\n\t\t\t<div class=\"elementor-widget-wrap\">\n\t\t\t\t\t\t\t<\/div>\n\t\t<\/div>\n\t\t\t\t\t<\/div>\n\t\t<\/section>\n\t\t\t\t<section class=\"elementor-section elementor-top-section elementor-element elementor-element-a1ccd8e elementor-section-boxed elementor-section-height-default elementor-section-height-default\" data-id=\"a1ccd8e\" data-element_type=\"section\" data-e-type=\"section\" data-settings=\"{&quot;ekit_has_onepagescroll_dot&quot;:&quot;yes&quot;}\">\n\t\t\t\t\t\t<div class=\"elementor-container elementor-column-gap-default\">\n\t\t\t\t\t<div class=\"elementor-column elementor-col-100 elementor-top-column elementor-element elementor-element-97d5a37\" data-id=\"97d5a37\" data-element_type=\"column\" data-e-type=\"column\">\n\t\t\t<div class=\"elementor-widget-wrap elementor-element-populated\">\n\t\t\t\t\t\t<div class=\"elementor-element elementor-element-0dbd495 elementor-widget elementor-widget-image\" data-id=\"0dbd495\" data-element_type=\"widget\" data-e-type=\"widget\" data-settings=\"{&quot;ekit_we_effect_on&quot;:&quot;none&quot;}\" data-widget_type=\"image.default\">\n\t\t\t\t<div class=\"elementor-widget-container\">\n\t\t\t\t\t\t\t\t\t\t\t\t\t\t\t<img fetchpriority=\"high\" decoding=\"async\" width=\"1920\" height=\"857\" src=\"https:\/\/www.pauteknokent.com.tr\/wp-content\/uploads\/2026\/03\/BIGG-yatirim_web-yatirim.jpg.webp\" class=\"attachment-full size-full wp-image-3895\" alt=\"\" srcset=\"https:\/\/www.pauteknokent.com.tr\/wp-content\/uploads\/2026\/03\/BIGG-yatirim_web-yatirim.jpg.webp 1920w, https:\/\/www.pauteknokent.com.tr\/wp-content\/uploads\/2026\/03\/BIGG-yatirim_web-yatirim.jpg-300x134.webp 300w, https:\/\/www.pauteknokent.com.tr\/wp-content\/uploads\/2026\/03\/BIGG-yatirim_web-yatirim.jpg-1024x457.webp 1024w, https:\/\/www.pauteknokent.com.tr\/wp-content\/uploads\/2026\/03\/BIGG-yatirim_web-yatirim.jpg-768x343.webp 768w, https:\/\/www.pauteknokent.com.tr\/wp-content\/uploads\/2026\/03\/BIGG-yatirim_web-yatirim.jpg-1536x686.webp 1536w, https:\/\/www.pauteknokent.com.tr\/wp-content\/uploads\/2026\/03\/BIGG-yatirim_web-yatirim.jpg-18x8.webp 18w\" sizes=\"(max-width: 1920px) 100vw, 1920px\" \/>\t\t\t\t\t\t\t\t\t\t\t\t\t\t\t<\/div>\n\t\t\t\t<\/div>\n\t\t\t\t<div class=\"elementor-element elementor-element-bbb09d9 elementor-widget elementor-widget-heading\" data-id=\"bbb09d9\" data-element_type=\"widget\" data-e-type=\"widget\" data-settings=\"{&quot;ekit_we_effect_on&quot;:&quot;none&quot;}\" data-widget_type=\"heading.default\">\n\t\t\t\t<div class=\"elementor-widget-container\">\n\t\t\t\t\t<h4 class=\"elementor-heading-title elementor-size-default\">1812\u2013Yat\u0131r\u0131m Tabanl\u0131 Giri\u015fimcilik Destek Program\u0131 2026-1 Tohum \u00d6ncesi Yat\u0131r\u0131m \u00c7a\u011fr\u0131s\u0131 Ba\u015fvuruya A\u00e7\u0131ld\u0131<\/h4>\t\t\t\t<\/div>\n\t\t\t\t<\/div>\n\t\t\t\t<div class=\"elementor-element elementor-element-0b9a17e elementor-widget elementor-widget-text-editor\" data-id=\"0b9a17e\" data-element_type=\"widget\" data-e-type=\"widget\" data-settings=\"{&quot;ekit_we_effect_on&quot;:&quot;none&quot;}\" data-widget_type=\"text-editor.default\">\n\t\t\t\t<div class=\"elementor-widget-container\">\n\t\t\t\t\t\t\t\t\t<p class=\"text-align-justify\">T\u00dcB\u0130TAK 1812\u2013Yat\u0131r\u0131m Tabanl\u0131 Giri\u015fimcilik Destek Program\u0131 (B\u0130GG), giri\u015fimcilerin teknoloji ve yenilik odakl\u0131 i\u015f fikirlerini katma de\u011fer ve nitelikli istihdam yaratma potansiyeli y\u00fcksek te\u015febb\u00fcslere d\u00f6n\u00fc\u015ft\u00fcrebilmeleri i\u00e7in giri\u015fimcilerin fikir a\u015famas\u0131ndan pazara kadar olan faaliyetlerini desteklemektedir. \u00dc\u00e7 a\u015famal\u0131 program\u0131n Tohum \u00d6ncesi Yat\u0131r\u0131m a\u015famas\u0131na ba\u015fvurular ba\u015flam\u0131\u015ft\u0131r.<\/p><p class=\"text-align-justify\">1812-T\u00dcB\u0130TAK Yat\u0131r\u0131m Tabanl\u0131 Giri\u015fimcilik Destek Program\u0131 2026-1 Tohum \u00d6ncesi Yat\u0131r\u0131m \u00c7a\u011fr\u0131s\u0131 kapsam\u0131nda M\u00fckemmeliyet M\u00fchr\u00fc almaya hak kazanan giri\u015fimcilere T\u00dcB\u0130TAK BiGG Fonu taraf\u0131ndan %3 hisse kar\u015f\u0131l\u0131\u011f\u0131nda 1.350.000 TL yat\u0131r\u0131m yap\u0131lacakt\u0131r. Kurulu\u015flar, izleme s\u00fcrecinde 1.350.000 TL\u2019ye kadar devam yat\u0131r\u0131m\u0131 talep edebilecektir.\u00a0<\/p><p class=\"text-align-justify\">E\u015f yat\u0131r\u0131m alan i\u015f planlar\u0131 h\u0131zl\u0131 de\u011ferlendirme uygulamas\u0131ndan faydalanabilecektir. Bu do\u011frultuda Uygulay\u0131c\u0131 Kurulu\u015f veya kendi aralar\u0131ndaki s\u00f6zle\u015fmeye g\u00f6re Uygulay\u0131c\u0131 Kurulu\u015f ad\u0131na hareket eden t\u00fczel ki\u015filer, 1812 Program\u0131 \u00e7er\u00e7evesinde giri\u015fimlere T\u00dcB\u0130TAK BiGG Fonu ile birlikte e\u015f yat\u0131r\u0131m yapabilecektir.\u00a0<\/p><p class=\"text-align-justify\">Ayr\u0131ca, Birle\u015fmi\u015f Milletler S\u0131nai Kalk\u0131nma Te\u015fkilat\u0131 (UNIDO) i\u015f birli\u011finde y\u00fcr\u00fct\u00fclen K\u00fcresel Temiz Teknolojiler Giri\u015fimcilik Program\u0131 (GCIP) kapsam\u0131nda temiz teknolojiler alan\u0131nda faaliyet g\u00f6steren ve M\u00fckemmeliyet M\u00fchr\u00fc almaya hak kazanan en y\u00fcksek puanl\u0131 3 giri\u015fime %5 hisse kar\u015f\u0131l\u0131\u011f\u0131nda toplam 2.250.000 TL yat\u0131r\u0131m yap\u0131labilecektir.\u00a0<\/p>\t\t\t\t\t\t\t\t<\/div>\n\t\t\t\t<\/div>\n\t\t\t\t\t<\/div>\n\t\t<\/div>\n\t\t\t\t\t<\/div>\n\t\t<\/section>\n\t\t\t\t<section class=\"elementor-section elementor-top-section elementor-element elementor-element-84b48c2 elementor-section-boxed elementor-section-height-default elementor-section-height-default\" data-id=\"84b48c2\" data-element_type=\"section\" data-e-type=\"section\" data-settings=\"{&quot;ekit_has_onepagescroll_dot&quot;:&quot;yes&quot;}\">\n\t\t\t\t\t\t<div class=\"elementor-container elementor-column-gap-default\">\n\t\t\t\t\t<div class=\"elementor-column elementor-col-66 elementor-top-column elementor-element elementor-element-5ae7929\" data-id=\"5ae7929\" data-element_type=\"column\" data-e-type=\"column\">\n\t\t\t<div class=\"elementor-widget-wrap elementor-element-populated\">\n\t\t\t\t\t\t<div class=\"elementor-element elementor-element-479a7c0 elementor-widget elementor-widget-text-editor\" data-id=\"479a7c0\" data-element_type=\"widget\" data-e-type=\"widget\" data-settings=\"{&quot;ekit_we_effect_on&quot;:&quot;none&quot;}\" data-widget_type=\"text-editor.default\">\n\t\t\t\t<div class=\"elementor-widget-container\">\n\t\t\t\t\t\t\t\t\t<p class=\"text-align-justify\"><strong>\u00c7a\u011fr\u0131 Takvimi:<\/strong><\/p><p class=\"text-align-justify\">H\u0131zland\u0131rma program\u0131 faaliyetleri: <strong>2 Mart 2026\u201331 Temmuz 2028*<\/strong><\/p><p class=\"text-align-justify\">A\u015fama 2 ba\u015fvurular\u0131n\u0131n T\u00dcB\u0130TAK\u2019a sunulmas\u0131: <strong>15 Haziran 2026\u20133 Temmuz 2026<\/strong><\/p><p class=\"text-align-justify\">Uygulay\u0131c\u0131 kurulu\u015flar\u0131n giri\u015fimcilere ait belgeleri T\u00dcB\u0130TAK\u2019a ula\u015ft\u0131rmas\u0131 i\u00e7in son tarih: <strong>10 Temmuz 2026<\/strong><\/p><p class=\"text-align-justify\">A\u015fama 2 de\u011ferlendirmeleri (Panel de\u011ferlendirmesi ve T\u00dcB\u0130TAK B\u0130GG Fonu g\u00f6r\u00fc\u015flerinin al\u0131nmas\u0131): <strong>13 Temmuz 2026\u201328 A\u011fustos 2026<\/strong><\/p><p class=\"text-align-justify\">Desteklenmeye hak kazanan giri\u015fimcilerin duyurulmas\u0131: <strong>1 Eyl\u00fcl 2026\u20134 Eyl\u00fcl 2026<\/strong><\/p><p class=\"text-align-justify\">\u015eirket kurulumu ve s\u00f6zle\u015fme imzalanmas\u0131 i\u00e7in son tarih: <strong>30 Eyl\u00fcl 2026<\/strong><\/p><p class=\"text-align-justify\">Destek ba\u015flang\u0131\u00e7 tarihi: <strong>1 Ekim 2026<\/strong><\/p><p class=\"text-align-justify\">* Uygulay\u0131c\u0131 kurulu\u015flar\u0131n h\u0131zland\u0131rma programlar\u0131 31 Temmuz 2028&#8217;e kadar s\u00fcrekli devam edecektir. Ancak 1812-2026-1 kodlu bu yat\u0131r\u0131m \u00e7a\u011fr\u0131s\u0131 i\u00e7in ba\u015fvurular 3 Temmuz 2026&#8217;da sona erecektir. Sonraki d\u00f6nem ba\u015fvurular\u0131n\u0131z\u0131 planlamak i\u00e7in \u201c2026-2028 Tohum \u00d6ncesi Yat\u0131r\u0131m Plan\u0131\u201d dok\u00fcman\u0131n\u0131 inceleyebilirsiniz.<\/p><p class=\"text-align-justify\">\u00c7a\u011fr\u0131 hakk\u0131nda detayl\u0131 bilgiye sayfada yer alan \u00e7a\u011fr\u0131 dok\u00fcmanlar\u0131ndan ula\u015fabilirsiniz.\u00a0<\/p>\t\t\t\t\t\t\t\t<\/div>\n\t\t\t\t<\/div>\n\t\t\t\t\t<\/div>\n\t\t<\/div>\n\t\t\t\t<div class=\"elementor-column elementor-col-33 elementor-top-column elementor-element elementor-element-7352e36\" data-id=\"7352e36\" data-element_type=\"column\" data-e-type=\"column\" data-settings=\"{&quot;background_background&quot;:&quot;classic&quot;}\">\n\t\t\t<div class=\"elementor-widget-wrap elementor-element-populated\">\n\t\t\t\t\t<div class=\"elementor-background-overlay\"><\/div>\n\t\t\t\t\t\t<div class=\"elementor-element elementor-element-4e63a40 elementor-widget elementor-widget-heading\" data-id=\"4e63a40\" data-element_type=\"widget\" data-e-type=\"widget\" data-settings=\"{&quot;ekit_we_effect_on&quot;:&quot;none&quot;}\" data-widget_type=\"heading.default\">\n\t\t\t\t<div class=\"elementor-widget-container\">\n\t\t\t\t\t<h6 class=\"elementor-heading-title elementor-size-default\">\u00c7a\u011fr\u0131 D\u00f6k\u00fcmanlar\u0131<\/h6>\t\t\t\t<\/div>\n\t\t\t\t<\/div>\n\t\t\t\t<div class=\"elementor-element elementor-element-2be89ff elementor-widget elementor-widget-text-editor\" data-id=\"2be89ff\" data-element_type=\"widget\" data-e-type=\"widget\" data-settings=\"{&quot;ekit_we_effect_on&quot;:&quot;none&quot;}\" data-widget_type=\"text-editor.default\">\n\t\t\t\t<div class=\"elementor-widget-container\">\n\t\t\t\t\t\t\t\t\t<ul><li><span class=\"file file--mime-application-pdf file--application-pdf\"><a title=\"1812-2026-1_Cagri_Duyurusu_260225.pdf\" href=\"https:\/\/tubitak.gov.tr\/sites\/default\/files\/2026-03\/1812-2026-1_Cagri_Duyurusu_260225.pdf\" target=\"_blank\" rel=\"noopener\" type=\"application\/pdf\">1812-B\u0130GG Yat\u0131r\u0131m 2026 Y\u0131l\u0131 1. \u00c7a\u011fr\u0131s\u0131<\/a><\/span><\/li><li><span class=\"file file--mime-application-pdf file--application-pdf\"><a title=\"1812-2026-2028_Yatirim_Plani_Tasnif_Disi_260225.pdf\" href=\"https:\/\/tubitak.gov.tr\/sites\/default\/files\/2026-03\/1812-2026-2028_Yatirim_Plani_Tasnif_Disi_260225.pdf\" target=\"_blank\" rel=\"noopener\" type=\"application\/pdf\">2026-2028 Tohum \u00d6ncesi Yat\u0131r\u0131m Plan\u0131<\/a><\/span><\/li><\/ul>\t\t\t\t\t\t\t\t<\/div>\n\t\t\t\t<\/div>\n\t\t\t\t\t<\/div>\n\t\t<\/div>\n\t\t\t\t\t<\/div>\n\t\t<\/section>\n\t\t\t\t<section class=\"elementor-section elementor-top-section elementor-element elementor-element-0eb8113 elementor-section-boxed elementor-section-height-default elementor-section-height-default\" data-id=\"0eb8113\" data-element_type=\"section\" data-e-type=\"section\" data-settings=\"{&quot;ekit_has_onepagescroll_dot&quot;:&quot;yes&quot;}\">\n\t\t\t\t\t\t<div class=\"elementor-container elementor-column-gap-default\">\n\t\t\t\t\t<div class=\"elementor-column elementor-col-100 elementor-top-column elementor-element elementor-element-b7a1aa1\" data-id=\"b7a1aa1\" data-element_type=\"column\" data-e-type=\"column\">\n\t\t\t<div class=\"elementor-widget-wrap elementor-element-populated\">\n\t\t\t\t\t\t<div class=\"elementor-element elementor-element-81b41ec elementor-widget elementor-widget-spacer\" data-id=\"81b41ec\" data-element_type=\"widget\" data-e-type=\"widget\" data-settings=\"{&quot;ekit_we_effect_on&quot;:&quot;none&quot;}\" data-widget_type=\"spacer.default\">\n\t\t\t\t<div class=\"elementor-widget-container\">\n\t\t\t\t\t\t\t<div class=\"elementor-spacer\">\n\t\t\t<div class=\"elementor-spacer-inner\"><\/div>\n\t\t<\/div>\n\t\t\t\t\t\t<\/div>\n\t\t\t\t<\/div>\n\t\t\t\t\t<\/div>\n\t\t<\/div>\n\t\t\t\t\t<\/div>\n\t\t<\/section>\n\t\t\t\t<\/div>","protected":false},"excerpt":{"rendered":"<p>1812\u2013Yat\u0131r\u0131m Tabanl\u0131 Giri\u015fimcilik Destek Program\u0131 2026-1 Tohum \u00d6ncesi Yat\u0131r\u0131m \u00c7a\u011fr\u0131s\u0131 Ba\u015fvuruya A\u00e7\u0131ld\u0131 T\u00dcB\u0130TAK 1812\u2013Yat\u0131r\u0131m Tabanl\u0131 Giri\u015fimcilik Destek Program\u0131 (B\u0130GG), giri\u015fimcilerin teknoloji ve yenilik odakl\u0131 i\u015f fikirlerini katma de\u011fer ve nitelikli [&hellip;]<\/p>\n","protected":false},"author":1,"featured_media":3901,"parent":0,"menu_order":0,"comment_status":"closed","ping_status":"closed","template":"","meta":{"_acf_changed":false,"_price":"","_stock":"","_tribe_ticket_header":"","_tribe_default_ticket_provider":"","_tribe_ticket_capacity":"","_ticket_start_date":"","_ticket_end_date":"","_tribe_ticket_show_description":"","_tribe_ticket_show_not_going":false,"_tribe_ticket_use_global_stock":"","_tribe_ticket_global_stock_level":"","_global_stock_mode":"","_global_stock_cap":"","_tribe_rsvp_for_event":"","_tribe_ticket_going_count":"","_tribe_ticket_not_going_count":"","_tribe_tickets_list":"[]","_tribe_ticket_has_attendee_info_fields":false,"footnotes":""},"class_list":["post-3894","page","type-page","status-publish","has-post-thumbnail","hentry"],"acf":[],"_links":{"self":[{"href":"https:\/\/www.pauteknokent.com.tr\/en\/wp-json\/wp\/v2\/pages\/3894","targetHints":{"allow":["GET"]}}],"collection":[{"href":"https:\/\/www.pauteknokent.com.tr\/en\/wp-json\/wp\/v2\/pages"}],"about":[{"href":"https:\/\/www.pauteknokent.com.tr\/en\/wp-json\/wp\/v2\/types\/page"}],"author":[{"embeddable":true,"href":"https:\/\/www.pauteknokent.com.tr\/en\/wp-json\/wp\/v2\/users\/1"}],"replies":[{"embeddable":true,"href":"https:\/\/www.pauteknokent.com.tr\/en\/wp-json\/wp\/v2\/comments?post=3894"}],"version-history":[{"count":4,"href":"https:\/\/www.pauteknokent.com.tr\/en\/wp-json\/wp\/v2\/pages\/3894\/revisions"}],"predecessor-version":[{"id":3902,"href":"https:\/\/www.pauteknokent.com.tr\/en\/wp-json\/wp\/v2\/pages\/3894\/revisions\/3902"}],"wp:featuredmedia":[{"embeddable":true,"href":"https:\/\/www.pauteknokent.com.tr\/en\/wp-json\/wp\/v2\/media\/3901"}],"wp:attachment":[{"href":"https:\/\/www.pauteknokent.com.tr\/en\/wp-json\/wp\/v2\/media?parent=3894"}],"curies":[{"name":"wp","href":"https:\/\/api.w.org\/{rel}","templated":true}]}}