{"id":2802,"date":"2024-09-30T15:24:54","date_gmt":"2024-09-30T12:24:54","guid":{"rendered":"https:\/\/www.pauteknokent.com.tr\/?page_id=2802"},"modified":"2025-07-03T10:48:23","modified_gmt":"2025-07-03T07:48:23","slug":"how-can-i-find-out-the-mac-address-2","status":"publish","type":"page","link":"https:\/\/www.pauteknokent.com.tr\/en\/how-can-i-find-out-the-mac-address-2","title":{"rendered":"How can I find out the MAC address?"},"content":{"rendered":"<div data-elementor-type=\"wp-page\" data-elementor-id=\"2802\" class=\"elementor elementor-2802\" data-elementor-post-type=\"page\">\n\t\t\t\t\t\t<section class=\"elementor-section elementor-top-section elementor-element elementor-element-694506d elementor-section-boxed elementor-section-height-default elementor-section-height-default\" data-id=\"694506d\" data-element_type=\"section\" data-e-type=\"section\" data-settings=\"{&quot;ekit_has_onepagescroll_dot&quot;:&quot;yes&quot;}\">\n\t\t\t\t\t\t<div class=\"elementor-container elementor-column-gap-default\">\n\t\t\t\t\t<div class=\"elementor-column elementor-col-100 elementor-top-column elementor-element elementor-element-0009479\" data-id=\"0009479\" data-element_type=\"column\" data-e-type=\"column\">\n\t\t\t<div class=\"elementor-widget-wrap elementor-element-populated\">\n\t\t\t\t\t\t<div class=\"elementor-element elementor-element-3ed8a6b elementor-widget elementor-widget-text-editor\" data-id=\"3ed8a6b\" data-element_type=\"widget\" data-e-type=\"widget\" data-settings=\"{&quot;ekit_we_effect_on&quot;:&quot;none&quot;}\" data-widget_type=\"text-editor.default\">\n\t\t\t\t<div class=\"elementor-widget-container\">\n\t\t\t\t\t\t\t\t\t<h3>Learning MAC Address for iPhone<\/h3><ol><li><strong>Settings<\/strong> Open the app.<\/li><li><strong>Wi-Fi<\/strong>Tap .<\/li><li>The Wi-Fi network to which you are connected can be found next to <strong>information (i)<\/strong> Tap the icon.<\/li><li>Scroll down <strong>Wi-Fi Address<\/strong> (or <strong>MAC Address<\/strong>) section. This is the MAC address of the device.<\/li><\/ol><h3>Learn MAC Address for Android<\/h3><p>The steps may vary slightly on Android devices, but in general you can follow these steps:<\/p><ol><li><strong>Settings<\/strong> Open the app.<\/li><li><strong>About Telephone<\/strong> (or on some devices <strong>Device Information<\/strong> or <strong>System<\/strong> may be below).<\/li><li><strong>Status<\/strong> or <strong>Device Status<\/strong> Open the section.<\/li><li>Scroll down <strong>Wi-Fi MAC Address<\/strong> section. This is the MAC address of your device.<\/li><\/ol><h3>Learn MAC Address for macOS (MacBook or iMac)<\/h3><ol><li><strong>System Preferences<\/strong>Open.<\/li><li><strong>Network<\/strong> Click on the option.<\/li><li>Select the network interface you are currently connected to (e.g. Wi-Fi) from the list on the left and select <strong>Advanced<\/strong> Click on the button.<\/li><li><strong>Wi-Fi<\/strong> tab, enter your MAC address <strong>Wi-Fi Address<\/strong> you can see in the section.<\/li><\/ol><h3>Learn MAC Address for Windows<\/h3><ol><li><strong>Win+R<\/strong> in the drop-down box <strong>cmd<\/strong> and press enter<\/li><li>Enter the following command and press Enter:<div><div><b>ipconfig \/all<\/b><\/div><\/div><\/li><li>On output <strong>Wireless Lan Adapter<\/strong> ba\u015fl\u0131\u011f\u0131 alt\u0131ndaki <strong>Fiziksel Adres (Physical Address)<\/strong> or <strong>MAC Address<\/strong> Find the line with the title. This is the MAC address of your device.<\/li><\/ol>\t\t\t\t\t\t\t\t<\/div>\n\t\t\t\t<\/div>\n\t\t\t\t\t<\/div>\n\t\t<\/div>\n\t\t\t\t\t<\/div>\n\t\t<\/section>\n\t\t\t\t<\/div>","protected":false},"excerpt":{"rendered":"<p>iPhone i\u00e7in MAC Adresi \u00d6\u011frenme Ayarlar uygulamas\u0131n\u0131 a\u00e7\u0131n. Wi-Fi&#8216;ye dokunun. Ba\u011fl\u0131 oldu\u011funuz Wi-Fi a\u011f\u0131n\u0131n yan\u0131nda bulunan bilgi (i) simgesine dokunun. A\u015fa\u011f\u0131 kayd\u0131rarak Wi-Fi Adresi (veya MAC Adresi) b\u00f6l\u00fcm\u00fcn\u00fc bulun. Bu, [&hellip;]<\/p>\n","protected":false},"author":1,"featured_media":0,"parent":0,"menu_order":0,"comment_status":"closed","ping_status":"closed","template":"","meta":{"_acf_changed":false,"_price":"","_stock":"","_tribe_ticket_header":"","_tribe_default_ticket_provider":"","_tribe_ticket_capacity":"","_ticket_start_date":"","_ticket_end_date":"","_tribe_ticket_show_description":"","_tribe_ticket_show_not_going":false,"_tribe_ticket_use_global_stock":"","_tribe_ticket_global_stock_level":"","_global_stock_mode":"","_global_stock_cap":"","_tribe_rsvp_for_event":"","_tribe_ticket_going_count":"","_tribe_ticket_not_going_count":"","_tribe_tickets_list":"[]","_tribe_ticket_has_attendee_info_fields":false,"footnotes":""},"class_list":["post-2802","page","type-page","status-publish","hentry"],"acf":[],"_links":{"self":[{"href":"https:\/\/www.pauteknokent.com.tr\/en\/wp-json\/wp\/v2\/pages\/2802","targetHints":{"allow":["GET"]}}],"collection":[{"href":"https:\/\/www.pauteknokent.com.tr\/en\/wp-json\/wp\/v2\/pages"}],"about":[{"href":"https:\/\/www.pauteknokent.com.tr\/en\/wp-json\/wp\/v2\/types\/page"}],"author":[{"embeddable":true,"href":"https:\/\/www.pauteknokent.com.tr\/en\/wp-json\/wp\/v2\/users\/1"}],"replies":[{"embeddable":true,"href":"https:\/\/www.pauteknokent.com.tr\/en\/wp-json\/wp\/v2\/comments?post=2802"}],"version-history":[{"count":3,"href":"https:\/\/www.pauteknokent.com.tr\/en\/wp-json\/wp\/v2\/pages\/2802\/revisions"}],"predecessor-version":[{"id":3707,"href":"https:\/\/www.pauteknokent.com.tr\/en\/wp-json\/wp\/v2\/pages\/2802\/revisions\/3707"}],"wp:attachment":[{"href":"https:\/\/www.pauteknokent.com.tr\/en\/wp-json\/wp\/v2\/media?parent=2802"}],"curies":[{"name":"wp","href":"https:\/\/api.w.org\/{rel}","templated":true}]}}