{"id":2794,"date":"2024-09-30T14:41:15","date_gmt":"2024-09-30T11:41:15","guid":{"rendered":"https:\/\/www.pauteknokent.com.tr\/?page_id=2794"},"modified":"2024-10-14T23:21:00","modified_gmt":"2024-10-14T20:21:00","slug":"hackerspace-application","status":"publish","type":"page","link":"https:\/\/www.pauteknokent.com.tr\/en\/hackerspace-application","title":{"rendered":"Hackerspace Application Form"},"content":{"rendered":"\t\t<div data-elementor-type=\"wp-page\" data-elementor-id=\"2794\" class=\"elementor elementor-2794\" data-elementor-post-type=\"page\">\n\t\t\t\t\t\t<section class=\"elementor-section elementor-top-section elementor-element elementor-element-69e62ed elementor-section-boxed elementor-section-height-default elementor-section-height-default\" data-id=\"69e62ed\" data-element_type=\"section\" data-e-type=\"section\" data-settings=\"{&quot;ekit_has_onepagescroll_dot&quot;:&quot;yes&quot;}\">\n\t\t\t\t\t\t<div class=\"elementor-container elementor-column-gap-default\">\n\t\t\t\t\t<div class=\"elementor-column elementor-col-100 elementor-top-column elementor-element elementor-element-1d2beba\" data-id=\"1d2beba\" data-element_type=\"column\" data-e-type=\"column\">\n\t\t\t<div class=\"elementor-widget-wrap elementor-element-populated\">\n\t\t\t\t\t\t<div class=\"elementor-element elementor-element-be6359a elementor-widget elementor-widget-shortcode\" data-id=\"be6359a\" data-element_type=\"widget\" data-e-type=\"widget\" data-settings=\"{&quot;ekit_we_effect_on&quot;:&quot;none&quot;}\" data-widget_type=\"shortcode.default\">\n\t\t\t\t<div class=\"elementor-widget-container\">\n\t\t\t\t\t\t\t<div class=\"elementor-shortcode\"><div class='fluentform ff-default fluentform_wrapper_5 ffs_default_wrap'><form data-form_id=\"5\" id=\"fluentform_5\" class=\"frm-fluent-form fluent_form_5 ff-el-form-top ff_form_instance_5_1 ff-form-loading ffs_default\" data-form_instance=\"ff_form_instance_5_1\" method=\"POST\" ><fieldset  style=\"border: none!important;margin: 0!important;padding: 0!important;background-color: transparent!important;box-shadow: none!important;outline: none!important; min-inline-size: 100%;\">\n                    <legend class=\"ff_screen_reader_title\" style=\"display: block; margin: 0!important;padding: 0!important;height: 0!important;text-indent: -999999px;width: 0!important;overflow:hidden;\">Hackerspace<\/legend><input type='hidden' name='__fluent_form_embded_post_id' value='2794' \/><input type=\"hidden\" id=\"_fluentform_5_fluentformnonce\" name=\"_fluentform_5_fluentformnonce\" value=\"46f1269986\" \/><input type=\"hidden\" name=\"_wp_http_referer\" value=\"\/en\/wp-json\/wp\/v2\/pages\/2794\" \/><div class='ff-el-group  ff-custom_html' tabindex='-1' data-name=\"custom_html-5_1\" ><p><img fetchpriority=\"high\" decoding=\"async\" class=\"aligncenter wp-image-2793 size-full\" src=\"https:\/\/www.pauteknokent.com.tr\/wp-content\/uploads\/2024\/09\/header.png\" alt=\"\" width=\"766\" height=\"186\" srcset=\"https:\/\/www.pauteknokent.com.tr\/wp-content\/uploads\/2024\/09\/header.png 766w, https:\/\/www.pauteknokent.com.tr\/wp-content\/uploads\/2024\/09\/header-300x73.png 300w, https:\/\/www.pauteknokent.com.tr\/wp-content\/uploads\/2024\/09\/header-18x4.png 18w\" sizes=\"(max-width: 766px) 100vw, 766px\" \/><\/p><\/div><div data-type=\"name-element\" data-name=\"names\" class=\" ff-field_container ff-name-field-wrapper\" ><div class='ff-t-container'><div class='ff-t-cell '><div class='ff-el-group ff-el-form-top'><div class=\"ff-el-input--label ff-el-is-required asterisk-right\"><label for='ff_5_names_first_name_' id='label_ff_5_names_first_name_' >Ad<\/label><\/div><div class='ff-el-input--content'><input type=\"text\" name=\"names[first_name]\" id=\"ff_5_names_first_name_\" class=\"ff-el-form-control\" tabindex=\"1\" aria-invalid=\"false\" aria-required=true><\/div><\/div><\/div><div class='ff-t-cell '><div class='ff-el-group ff-el-form-top'><div class=\"ff-el-input--label ff-el-is-required asterisk-right\"><label for='ff_5_names_last_name_' id='label_ff_5_names_last_name_' >Soyad<\/label><\/div><div class='ff-el-input--content'><input type=\"text\" name=\"names[last_name]\" id=\"ff_5_names_last_name_\" class=\"ff-el-form-control\" tabindex=\"2\" aria-invalid=\"false\" aria-required=true><\/div><\/div><\/div><\/div><\/div><div data-name=\"ff_cn_id_1\"  class='ff-t-container ff-column-container ff_columns_total_3 '><div class='ff-t-cell ff-t-column-1' style='flex-basis: 33.33%;'><div class='ff-el-group'><div class=\"ff-el-input--label ff-el-is-required asterisk-right\"><label for='ff_5_input_mask' id='label_ff_5_input_mask' aria-label=\"T.C. Kimlik No.\">T.C. Kimlik No.<\/label><\/div><div class='ff-el-input--content'><input type=\"text\" name=\"input_mask\" data-mask=\"99999999999\" class=\"ff-el-form-control\" data-name=\"input_mask\" tabindex=\"3\" id=\"ff_5_input_mask\"  aria-invalid=\"false\" aria-required=true><\/div><\/div><\/div><div class='ff-t-cell ff-t-column-2' style='flex-basis: 33.33%;'><div class='ff-el-group'><div class=\"ff-el-input--label ff-el-is-required asterisk-right\"><label for='ff_5_input_mask_1' id='label_ff_5_input_mask_1' aria-label=\"Tel\">Tel<\/label><\/div><div class='ff-el-input--content'><input type=\"text\" name=\"input_mask_1\" data-mask=\"(000) 000-0000\" class=\"ff-el-form-control\" data-name=\"input_mask_1\" tabindex=\"4\" id=\"ff_5_input_mask_1\"  aria-invalid=\"false\" aria-required=true><\/div><\/div><\/div><div class='ff-t-cell ff-t-column-3' style='flex-basis: 33.33%;'><div class='ff-el-group'><div class=\"ff-el-input--label ff-el-is-required asterisk-right\"><label for='ff_5_email' id='label_ff_5_email' aria-label=\"Email\">Email<\/label><\/div><div class='ff-el-input--content'><input type=\"email\" name=\"email\" id=\"ff_5_email\" class=\"ff-el-form-control\" placeholder=\"E-posta\" data-name=\"email\" tabindex=\"5\"  aria-invalid=\"false\" aria-required=true><\/div><\/div><\/div><\/div><div data-name=\"ff_cn_id_2\"  class='ff-t-container ff-column-container ff_columns_total_4 '><div class='ff-t-cell ff-t-column-1' style='flex-basis: 25%;'><div class='ff-el-group'><div class=\"ff-el-input--label ff-el-is-required asterisk-right\"><label for='ff_5_input_text' id='label_ff_5_input_text' aria-label=\"Okul\">Okul<\/label><\/div><div class='ff-el-input--content'><input type=\"text\" name=\"input_text\" class=\"ff-el-form-control\" data-name=\"input_text\" tabindex=\"6\" id=\"ff_5_input_text\"  aria-invalid=\"false\" aria-required=true><\/div><\/div><\/div><div class='ff-t-cell ff-t-column-2' style='flex-basis: 25%;'><div class='ff-el-group'><div class=\"ff-el-input--label ff-el-is-required asterisk-right\"><label for='ff_5_input_text_2' id='label_ff_5_input_text_2' aria-label=\"B\u00f6l\u00fcm\">B\u00f6l\u00fcm<\/label><\/div><div class='ff-el-input--content'><input type=\"text\" name=\"input_text_2\" class=\"ff-el-form-control\" data-name=\"input_text_2\" tabindex=\"7\" id=\"ff_5_input_text_2\"  aria-invalid=\"false\" aria-required=true><\/div><\/div><\/div><div class='ff-t-cell ff-t-column-3' style='flex-basis: 25%;'><div class='ff-el-group'><div class=\"ff-el-input--label ff-el-is-required asterisk-right\"><label for='ff_5_input_text_3' id='label_ff_5_input_text_3' aria-label=\"S\u0131n\u0131f\">S\u0131n\u0131f<\/label><\/div><div class='ff-el-input--content'><input type=\"text\" name=\"input_text_3\" class=\"ff-el-form-control\" data-name=\"input_text_3\" tabindex=\"8\" id=\"ff_5_input_text_3\"  aria-invalid=\"false\" aria-required=true><\/div><\/div><\/div><div class='ff-t-cell ff-t-column-4' style='flex-basis: 25%;'><div class='ff-el-group'><div class=\"ff-el-input--label ff-el-is-required asterisk-right\"><label for='ff_5_input_text_1' id='label_ff_5_input_text_1' aria-label=\"Okul No.\">Okul No.<\/label><\/div><div class='ff-el-input--content'><input type=\"text\" name=\"input_text_1\" class=\"ff-el-form-control\" data-name=\"input_text_1\" tabindex=\"9\" id=\"ff_5_input_text_1\"  aria-invalid=\"false\" aria-required=true><\/div><\/div><\/div><\/div><div class='ff-el-group  ff-custom_html not' tabindex='-1' data-name=\"custom_html-5_2\" ><p>Hackerspace ortak \u00e7al\u0131\u015fma alan\u0131na giri\u015f yapmak isteyen \u00f6\u011frenciler, g\u00fcvenli\u011fe isimlerini yazd\u0131rarak ve ge\u00e7erli bir kimlik belgesi b\u0131rakarak giri\u015f kartlar\u0131n\u0131 teslim alabilirler. \u00c7\u0131k\u0131\u015fta, giri\u015f kartlar\u0131n\u0131 iade ederek kimliklerini geri alabilirler.<\/p><\/div><div class='ff-el-group'><div class=\"ff-el-input--label ff-el-is-required asterisk-right\"><label for='ff_5_input_mask_2' id='label_ff_5_input_mask_2' aria-label=\"MAC adresi\">MAC adresi<\/label><\/div><div class='ff-el-input--content'><input type=\"text\" name=\"input_mask_2\" data-mask=\"****.****.****\" class=\"ff-el-form-control macadresi\" placeholder=\"001b.6384.45e6\" data-name=\"input_mask_2\" tabindex=\"10\" id=\"ff_5_input_mask_2\"  aria-invalid=\"false\" aria-required=true><\/div><\/div><div class='ff-el-group  ff-custom_html' tabindex='-1' data-name=\"custom_html-5_3\" ><p><a href=\"https:\/\/www.pauteknokent.com.tr\/mac-adresini-nasil-ogrenebilirim\" target=\"blank\">Cihaz\u0131m\u0131n MAC adresini nas\u0131l \u00f6\u011frenebilirim?<\/a><\/p><\/div><div class='ff-el-group'><div class=\"ff-el-input--label ff-el-is-required asterisk-right\"><label   aria-label=\"A\u00e7\u0131k R\u0131za Beyan\u0131\">A\u00e7\u0131k R\u0131za Beyan\u0131<\/label><\/div><div class='ff-el-input--content'><div class='ff-el-form-check ff-el-form-check-'><label class='ff-el-form-check-label' for='checkbox_d01bc108df1e81c16f848b2317a70501'><input  type=\"checkbox\" name=\"checkbox[]\" data-name=\"checkbox\" class=\"ff-el-form-check-input ff-el-form-check-checkbox\" tabindex=\"11\" value=\"Denizli Hackerspace Ortak \u00c7al\u0131\u015fma Alan\u0131na \u00f6\u011frenci kart\u0131mla giri\u015f yapmak i\u00e7in yukar\u0131daki ki\u015fisel verilerinin uygun \u015fekilde kullan\u0131lmas\u0131na izin veriyorum ve \u00e7al\u0131\u015fma alan\u0131n\u0131n Wi-fi a\u011f\u0131n\u0131 kullanmak i\u00e7in MAC adresimi payla\u015f\u0131yorum.\"  id='checkbox_d01bc108df1e81c16f848b2317a70501' aria-label='Denizli Hackerspace Ortak \u00c7al\u0131\u015fma Alan\u0131na \u00f6\u011frenci kart\u0131mla giri\u015f yapmak i\u00e7in yukar\u0131daki ki\u015fisel verilerinin uygun \u015fekilde kullan\u0131lmas\u0131na izin veriyorum ve \u00e7al\u0131\u015fma alan\u0131n\u0131n Wi-fi a\u011f\u0131n\u0131 kullanmak i\u00e7in MAC adresimi payla\u015f\u0131yorum.' aria-invalid='false' aria-required=true> <span>Denizli Hackerspace Ortak \u00c7al\u0131\u015fma Alan\u0131na \u00f6\u011frenci kart\u0131mla giri\u015f yapmak i\u00e7in yukar\u0131daki ki\u015fisel verilerinin uygun \u015fekilde kullan\u0131lmas\u0131na izin veriyorum ve \u00e7al\u0131\u015fma alan\u0131n\u0131n Wi-fi a\u011f\u0131n\u0131 kullanmak i\u00e7in MAC adresimi payla\u015f\u0131yorum.<\/span><\/label><\/div><div class='ff-el-form-check ff-el-form-check-'><label class='ff-el-form-check-label' for='checkbox_2b3615f776e320621f1d907bd8d6cf5c'><input  type=\"checkbox\" name=\"checkbox[]\" data-name=\"checkbox\" class=\"ff-el-form-check-input ff-el-form-check-checkbox\" tabindex=\"-1\" value=\"Telefon numaram\u0131n Denizli Hackerspace WhatsApp grubuna kaydedilmesini istiyorum. \"  id='checkbox_2b3615f776e320621f1d907bd8d6cf5c' aria-label='Telefon numaram\u0131n Denizli Hackerspace WhatsApp grubuna kaydedilmesini istiyorum.' aria-invalid='false' aria-required=true> <span>Telefon numaram\u0131n Denizli Hackerspace WhatsApp grubuna kaydedilmesini istiyorum. <\/span><\/label><\/div><\/div><\/div><div class='ff-el-group ' ><div class='ff-el-input--content'><div data-fluent_id='5' name='g-recaptcha-response'><div\n\t\tdata-sitekey='6Ldxd1IpAAAAACjoNhF96Q3fu_9ABwZJbstAx6lG'\n\t\tid='fluentform-recaptcha-5-1'\n\t\tclass='ff-el-recaptcha g-recaptcha'\n\t\tdata-callback='fluentFormrecaptchaSuccessCallback'><\/div><\/div><\/div><\/div><div class='ff-el-group ff-text-right ff_submit_btn_wrapper'><button type=\"submit\" class=\"ff-btn ff-btn-submit ff-btn-md ff_btn_style\" tabindex=\"12\"  aria-label=\"Ba\u015fvuruyu Tamamla\">Ba\u015fvuruyu Tamamla<\/button><\/div><\/fieldset><\/form><div id='fluentform_5_errors' class='ff-errors-in-stack ff_form_instance_5_1 ff-form-loading_errors ff_form_instance_5_1_errors'><\/div><\/div>            <script type=\"text\/javascript\">\n                window.fluent_form_ff_form_instance_5_1 = {\"id\":\"5\",\"settings\":{\"layout\":{\"labelPlacement\":\"top\",\"helpMessagePlacement\":\"with_label\",\"errorMessagePlacement\":\"inline\",\"cssClassName\":\"\",\"asteriskPlacement\":\"asterisk-right\"},\"restrictions\":{\"denyEmptySubmission\":{\"enabled\":false}}},\"form_instance\":\"ff_form_instance_5_1\",\"form_id_selector\":\"fluentform_5\",\"rules\":{\"names[first_name]\":{\"required\":{\"value\":true,\"message\":\"Bu alan\\u0131n doldurulmas\\u0131 zorunludur\",\"global_message\":\"This field is required\",\"global\":true}},\"names[middle_name]\":{\"required\":{\"value\":false,\"message\":\"Bu alan\\u0131n doldurulmas\\u0131 zorunludur\",\"global_message\":\"This field is required\",\"global\":true}},\"names[last_name]\":{\"required\":{\"value\":true,\"message\":\"Bu alan\\u0131n doldurulmas\\u0131 zorunludur\",\"global_message\":\"This field is required\",\"global\":true}},\"input_mask\":{\"required\":{\"value\":true,\"message\":\"Bu alan\\u0131n doldurulmas\\u0131 zorunludur\",\"global_message\":\"This field is required\",\"global\":true}},\"input_mask_1\":{\"required\":{\"value\":true,\"message\":\"Bu alan\\u0131n doldurulmas\\u0131 zorunludur\",\"global_message\":\"This field is required\",\"global\":true}},\"email\":{\"required\":{\"value\":true,\"message\":\"Bu alan\\u0131n doldurulmas\\u0131 zorunludur\",\"global_message\":\"This field is required\",\"global\":true},\"email\":{\"value\":true,\"message\":\"This field must contain a valid email\",\"global_message\":\"This field must contain a valid email\",\"global\":true}},\"input_text\":{\"required\":{\"value\":true,\"message\":\"Bu alan\\u0131n doldurulmas\\u0131 zorunludur\",\"global_message\":\"This field is required\",\"global\":true}},\"input_text_2\":{\"required\":{\"value\":true,\"message\":\"Bu alan\\u0131n doldurulmas\\u0131 zorunludur\",\"global_message\":\"This field is required\",\"global\":true}},\"input_text_3\":{\"required\":{\"value\":true,\"message\":\"Bu alan\\u0131n doldurulmas\\u0131 zorunludur\",\"global_message\":\"This field is required\",\"global\":true}},\"input_text_1\":{\"required\":{\"value\":true,\"message\":\"Bu alan\\u0131n doldurulmas\\u0131 zorunludur\",\"global_message\":\"This field is required\",\"global\":true}},\"input_mask_2\":{\"required\":{\"value\":true,\"message\":\"Bu alan\\u0131n doldurulmas\\u0131 zorunludur\",\"global_message\":\"This field is required\",\"global\":true}},\"checkbox\":{\"required\":{\"value\":true,\"message\":\"Bu alan\\u0131n doldurulmas\\u0131 zorunludur\",\"global_message\":\"This field is required\",\"global\":true}},\"g-recaptcha-response\":[]},\"debounce_time\":300};\n                            <\/script>\n            <\/div>\n\t\t\t\t\t\t<\/div>\n\t\t\t\t<\/div>\n\t\t\t\t<div class=\"elementor-element elementor-element-371746e elementor-widget elementor-widget-html\" data-id=\"371746e\" data-element_type=\"widget\" data-e-type=\"widget\" data-settings=\"{&quot;ekit_we_effect_on&quot;:&quot;none&quot;}\" data-widget_type=\"html.default\">\n\t\t\t\t<div class=\"elementor-widget-container\">\n\t\t\t\t\t<script>\n    function convertToEnglish(str) {\n        const charMap = {\n            '\u00e7': 'c', '\u00c7': 'C',\n            '\u011f': 'g', '\u011e': 'G',\n            '\u0131': 'i', 'I': 'I',\n            '\u0130': 'I', '\u00f6': 'o',\n            '\u00d6': 'O', '\u015f': 's',\n            '\u015e': 'S', '\u00fc': 'u',\n            '\u00dc': 'U'\n        };\n        return str.replace(\/[\\u00C0-\\u024F]\/g, function(c) {\n            return charMap[c] || c;\n        }).toLowerCase();\n    }\n\n    function applyInputRules(inputId) {\n        document.getElementById(inputId).addEventListener('input', function(event) {\n            let start = this.selectionStart;\n            let end = this.selectionEnd;\n            this.value = convertToEnglish(this.value);  \/\/ Harfleri k\u00fc\u00e7\u00fck yap ve T\u00fcrk\u00e7e karakterleri \u00e7evir\n            this.setSelectionRange(start, end); \/\/ \u0130mle\u00e7 pozisyonunu korur\n        });\n    }\n\n    \/\/ Her iki input i\u00e7in uygulanacak\n    applyInputRules('ff_5_names_first_name_');\n    applyInputRules('ff_5_names_last_name_');\n\n    \/\/ 'ff_5_input_mask_2' i\u00e7in k\u00fc\u00e7\u00fck harfe \u00e7evirme i\u015flemi\n    document.getElementById('ff_5_input_mask_2').addEventListener('input', function(event) {\n        let start = this.selectionStart;\n        let end = this.selectionEnd;\n        this.value = this.value.toLowerCase();\n        this.setSelectionRange(start, end); \/\/ \u0130mle\u00e7 pozisyonunu korur\n    });\n    <\/script>\t\t\t\t<\/div>\n\t\t\t\t<\/div>\n\t\t\t\t\t<\/div>\n\t\t<\/div>\n\t\t\t\t\t<\/div>\n\t\t<\/section>\n\t\t\t\t<\/div>\n\t\t","protected":false},"excerpt":{"rendered":"","protected":false},"author":1,"featured_media":0,"parent":0,"menu_order":0,"comment_status":"closed","ping_status":"closed","template":"","meta":{"_acf_changed":false,"_price":"","_stock":"","_tribe_ticket_header":"","_tribe_default_ticket_provider":"","_tribe_ticket_capacity":"","_ticket_start_date":"","_ticket_end_date":"","_tribe_ticket_show_description":"","_tribe_ticket_show_not_going":false,"_tribe_ticket_use_global_stock":"","_tribe_ticket_global_stock_level":"","_global_stock_mode":"","_global_stock_cap":"","_tribe_rsvp_for_event":"","_tribe_ticket_going_count":"","_tribe_ticket_not_going_count":"","_tribe_tickets_list":"[]","_tribe_ticket_has_attendee_info_fields":false,"footnotes":""},"class_list":["post-2794","page","type-page","status-publish","hentry"],"acf":[],"_links":{"self":[{"href":"https:\/\/www.pauteknokent.com.tr\/en\/wp-json\/wp\/v2\/pages\/2794","targetHints":{"allow":["GET"]}}],"collection":[{"href":"https:\/\/www.pauteknokent.com.tr\/en\/wp-json\/wp\/v2\/pages"}],"about":[{"href":"https:\/\/www.pauteknokent.com.tr\/en\/wp-json\/wp\/v2\/types\/page"}],"author":[{"embeddable":true,"href":"https:\/\/www.pauteknokent.com.tr\/en\/wp-json\/wp\/v2\/users\/1"}],"replies":[{"embeddable":true,"href":"https:\/\/www.pauteknokent.com.tr\/en\/wp-json\/wp\/v2\/comments?post=2794"}],"version-history":[{"count":0,"href":"https:\/\/www.pauteknokent.com.tr\/en\/wp-json\/wp\/v2\/pages\/2794\/revisions"}],"wp:attachment":[{"href":"https:\/\/www.pauteknokent.com.tr\/en\/wp-json\/wp\/v2\/media?parent=2794"}],"curies":[{"name":"wp","href":"https:\/\/api.w.org\/{rel}","templated":true}]}}