{"id":191,"date":"2023-09-05T07:49:13","date_gmt":"2023-09-05T07:49:13","guid":{"rendered":"https:\/\/new.pauteknokent.com.tr\/?page_id=191"},"modified":"2024-01-16T12:46:50","modified_gmt":"2024-01-16T09:46:50","slug":"s-s-s-s","status":"publish","type":"page","link":"https:\/\/www.pauteknokent.com.tr\/en\/s-s-s-s","title":{"rendered":"FAQ"},"content":{"rendered":"\t\t<div data-elementor-type=\"wp-page\" data-elementor-id=\"191\" class=\"elementor elementor-191\" data-elementor-post-type=\"page\">\n\t\t\t\t\t\t<section class=\"elementor-section elementor-top-section elementor-element elementor-element-6bab741 elementor-section-content-middle elementor-section-boxed elementor-section-height-default elementor-section-height-default\" data-id=\"6bab741\" data-element_type=\"section\" data-e-type=\"section\" data-settings=\"{&quot;ekit_has_onepagescroll_dot&quot;:&quot;yes&quot;}\">\n\t\t\t\t\t\t<div class=\"elementor-container elementor-column-gap-wide\">\n\t\t\t\t\t<div class=\"elementor-column elementor-col-50 elementor-top-column elementor-element elementor-element-5ee8dd5\" data-id=\"5ee8dd5\" data-element_type=\"column\" data-e-type=\"column\">\n\t\t\t<div class=\"elementor-widget-wrap elementor-element-populated\">\n\t\t\t\t\t\t<div class=\"elementor-element elementor-element-06b3003 elementor-widget elementor-widget-elementskit-image-morphing\" data-id=\"06b3003\" data-element_type=\"widget\" data-e-type=\"widget\" data-settings=\"{&quot;ekit_morphing_duration&quot;:20000,&quot;ekit_morphing_effect&quot;:&quot;easeInSine&quot;,&quot;ekit_morphing_direction&quot;:&quot;alternate&quot;,&quot;ekit_morphing_loop&quot;:&quot;yes&quot;,&quot;ekit_we_effect_on&quot;:&quot;none&quot;}\" data-widget_type=\"elementskit-image-morphing.default\">\n\t\t\t\t<div class=\"elementor-widget-container\">\n\t\t\t\t\t<div class=\"ekit-wid-con\" >        <div class=\"ekit-morphing-wrapper morphing-element-06b3003\" data-paths=\"[&quot;M169.46 2.11112C188.036 0.84197 202.466 21.1484 199.647 41.9988C196.827 62.8491 176.592 84.0621 169.626 104.369C162.493 124.675 168.464 143.894 165.147 161.843C161.664 179.611 148.893 196.291 133.633 199.374C118.208 202.637 100.295 192.121 75.581 191.396C50.7015 190.852 18.8557 199.918 9.40148 187.951C0.113135 175.985 13.0505 142.806 12.7188 114.159C12.387 85.5126 -1.37963 61.3987 0.113137 39.6418C1.77177 17.8849 18.524 -1.69633 38.5934 0.116743C58.6629 2.11113 81.8838 25.3185 104.939 25.4998C127.994 25.8624 150.883 3.19897 169.46 2.11112Z&quot;]\" data-morphing-id=\"06b3003\">\n\t\t\t\t\t\t\t<svg viewBox=\"0 0 200 200\" xmlns=\"http:\/\/www.w3.org\/2000\/svg\" preserveAspectRatio=\"none\" class=\"ekit-svg-shape\">\n\t\t\t\t\t\t\t\t\t\t\t<clipPath id=\"shape-morphing-06b3003\">\n\t\t\t\t\t\t<path d=\"M157.858 46.5167C175.891 58.1858 199.365 60.6686 199.987 69.3583C200.609 78.0481 178.223 92.8207 176.047 110.448C174.026 128.2 192.059 148.683 192.214 167.304C192.525 185.801 174.803 202.436 155.837 199.705C136.716 196.849 116.507 174.504 90.7006 168.173C64.7391 161.718 33.4922 171.153 16.3918 165.194C-0.863967 159.235 -3.66221 138.007 4.11067 121.124C12.039 104.242 30.6939 91.7034 37.3786 72.586C43.9078 53.4685 38.6223 27.7717 49.3488 13.4956C60.2309 -0.904545 87.2805 -3.88389 107.179 5.05414C127.078 13.9922 139.67 34.8476 157.858 46.5167Z\"\/>\n\t\t\t\t\t\t<\/clipPath>\n\t\t\t\t\t\t<g clip-path=\"url(#shape-morphing-06b3003)\">\n\t\t\t\t\t\t\t<image id=\"224\" class=\"ekit-morphing-image\" href=\"https:\/\/www.pauteknokent.com.tr\/wp-content\/uploads\/2023\/09\/sss-1.jpg\" preserveAspectRatio=\"none\"><\/image>\n\t\t\t\t\t\t<\/g>\n\t\t\t\t\t\t\t\t\t<\/svg>\n\t\t\t        <\/div>\n       <\/div>\t\t\t\t<\/div>\n\t\t\t\t<\/div>\n\t\t\t\t\t<\/div>\n\t\t<\/div>\n\t\t\t\t<div class=\"elementor-column elementor-col-50 elementor-top-column elementor-element elementor-element-2bc5a79\" data-id=\"2bc5a79\" data-element_type=\"column\" data-e-type=\"column\">\n\t\t\t<div class=\"elementor-widget-wrap elementor-element-populated\">\n\t\t\t\t\t\t<div class=\"elementor-element elementor-element-6f75130 elementor-widget elementor-widget-heading\" data-id=\"6f75130\" data-element_type=\"widget\" data-e-type=\"widget\" data-settings=\"{&quot;ekit_we_effect_on&quot;:&quot;none&quot;}\" data-widget_type=\"heading.default\">\n\t\t\t\t<div class=\"elementor-widget-container\">\n\t\t\t\t\t<h5 class=\"elementor-heading-title elementor-size-default\">Pamukkale Teknokent ile ilgili<\/h5>\t\t\t\t<\/div>\n\t\t\t\t<\/div>\n\t\t\t\t<div class=\"elementor-element elementor-element-31337e2 elementor-widget elementor-widget-heading\" data-id=\"31337e2\" data-element_type=\"widget\" data-e-type=\"widget\" data-settings=\"{&quot;ekit_we_effect_on&quot;:&quot;none&quot;}\" data-widget_type=\"heading.default\">\n\t\t\t\t<div class=\"elementor-widget-container\">\n\t\t\t\t\t<h2 class=\"elementor-heading-title elementor-size-default\">Merak Ettikleriniz<\/h2>\t\t\t\t<\/div>\n\t\t\t\t<\/div>\n\t\t\t\t<div class=\"elementor-element elementor-element-f074391 elementor-widget elementor-widget-accordion\" data-id=\"f074391\" data-element_type=\"widget\" data-e-type=\"widget\" data-settings=\"{&quot;ekit_we_effect_on&quot;:&quot;none&quot;}\" data-widget_type=\"accordion.default\">\n\t\t\t\t<div class=\"elementor-widget-container\">\n\t\t\t\t\t\t\t<div class=\"elementor-accordion\">\n\t\t\t\t\t\t\t<div class=\"elementor-accordion-item\">\n\t\t\t\t\t<div id=\"elementor-tab-title-2521\" class=\"elementor-tab-title\" data-tab=\"1\" role=\"button\" aria-controls=\"elementor-tab-content-2521\" aria-expanded=\"false\">\n\t\t\t\t\t\t\t\t\t\t\t\t\t<span class=\"elementor-accordion-icon elementor-accordion-icon-left\" aria-hidden=\"true\">\n\t\t\t\t\t\t\t\t\t\t\t\t\t\t\t<span class=\"elementor-accordion-icon-closed\"><i class=\"fas fa-angle-down\"><\/i><\/span>\n\t\t\t\t\t\t\t\t<span class=\"elementor-accordion-icon-opened\"><i class=\"fas fa-angle-up\"><\/i><\/span>\n\t\t\t\t\t\t\t\t\t\t\t\t\t\t<\/span>\n\t\t\t\t\t\t\t\t\t\t\t\t<a class=\"elementor-accordion-title\" tabindex=\"0\">Teknokent'e nas\u0131l ba\u015fvuru yap\u0131l\u0131r?<\/a>\n\t\t\t\t\t<\/div>\n\t\t\t\t\t<div id=\"elementor-tab-content-2521\" class=\"elementor-tab-content elementor-clearfix\" data-tab=\"1\" role=\"region\" aria-labelledby=\"elementor-tab-title-2521\"><p>Teknokent&#8217;te ofis kiralamak ve faaliyette bulunmak i\u00e7in Ar-Ge projesi sunman\u0131z gerekmektedir.<\/p><p>Ba\u015fvuru s\u00fcreci ak\u0131\u015f \u015femas\u0131n\u0131 inceleyebilir ya da ileti\u015fim adreslerimizden bizimle ileti\u015fime ge\u00e7ebilirsiniz.<\/p><\/div>\n\t\t\t\t<\/div>\n\t\t\t\t\t\t\t<div class=\"elementor-accordion-item\">\n\t\t\t\t\t<div id=\"elementor-tab-title-2522\" class=\"elementor-tab-title\" data-tab=\"2\" role=\"button\" aria-controls=\"elementor-tab-content-2522\" aria-expanded=\"false\">\n\t\t\t\t\t\t\t\t\t\t\t\t\t<span class=\"elementor-accordion-icon elementor-accordion-icon-left\" aria-hidden=\"true\">\n\t\t\t\t\t\t\t\t\t\t\t\t\t\t\t<span class=\"elementor-accordion-icon-closed\"><i class=\"fas fa-angle-down\"><\/i><\/span>\n\t\t\t\t\t\t\t\t<span class=\"elementor-accordion-icon-opened\"><i class=\"fas fa-angle-up\"><\/i><\/span>\n\t\t\t\t\t\t\t\t\t\t\t\t\t\t<\/span>\n\t\t\t\t\t\t\t\t\t\t\t\t<a class=\"elementor-accordion-title\" tabindex=\"0\">Pamukkale Teknokent'e ba\u015fvurular \u00fccretli midir?<\/a>\n\t\t\t\t\t<\/div>\n\t\t\t\t\t<div id=\"elementor-tab-content-2522\" class=\"elementor-tab-content elementor-clearfix\" data-tab=\"2\" role=\"region\" aria-labelledby=\"elementor-tab-title-2522\"><p>Pamukkale Teknokent ba\u015fvurular\u0131nda firmalardan 12.000 TL (KDV Dahil) ba\u015fvuru \u00fccreti al\u0131nmaktad\u0131r.<\/p><p>Hesap Ad\u0131 : <br \/>Pa\u00fc Teknoloji Geli\u015ftB\u00f6l. Pa\u00fc Teknokent Y\u00f6netici A.\u015e.<\/p><p>Banka : Pa\u00fc Teknoloji Geli\u015ft B\u00f6l. Pa\u00fc Teknokent Y\u00f6netici A.\u015e.\r\n\r\nHalk Bank \u2013 Pamukkale \/ Denizli \u015fubesi\r\n\u015eube Kodu : 1463\r\nHesap No : 10100023\r\nIban No : TR79 0001 2001 4630 0010 1000 23<\/p><\/div>\n\t\t\t\t<\/div>\n\t\t\t\t\t\t\t<div class=\"elementor-accordion-item\">\n\t\t\t\t\t<div id=\"elementor-tab-title-2523\" class=\"elementor-tab-title\" data-tab=\"3\" role=\"button\" aria-controls=\"elementor-tab-content-2523\" aria-expanded=\"false\">\n\t\t\t\t\t\t\t\t\t\t\t\t\t<span class=\"elementor-accordion-icon elementor-accordion-icon-left\" aria-hidden=\"true\">\n\t\t\t\t\t\t\t\t\t\t\t\t\t\t\t<span class=\"elementor-accordion-icon-closed\"><i class=\"fas fa-angle-down\"><\/i><\/span>\n\t\t\t\t\t\t\t\t<span class=\"elementor-accordion-icon-opened\"><i class=\"fas fa-angle-up\"><\/i><\/span>\n\t\t\t\t\t\t\t\t\t\t\t\t\t\t<\/span>\n\t\t\t\t\t\t\t\t\t\t\t\t<a class=\"elementor-accordion-title\" tabindex=\"0\">Ba\u015fvurular ne kadar s\u00fcrede de\u011ferlendirilir?<\/a>\n\t\t\t\t\t<\/div>\n\t\t\t\t\t<div id=\"elementor-tab-content-2523\" class=\"elementor-tab-content elementor-clearfix\" data-tab=\"3\" role=\"region\" aria-labelledby=\"elementor-tab-title-2523\">Ba\u015fvurular\u0131n de\u011ferlendirilmesi formlar\u0131n tesliminden itibaren en fazla 3 haftal\u0131k bir s\u00fcre\u00e7tir. Bu s\u00fcre i\u00e7inde t\u00fcm s\u00fcre\u00e7 tamamlanarak Teknokent Y\u00f6netim Kurulu karar\u0131 ile firmalara bildirilir.<\/div>\n\t\t\t\t<\/div>\n\t\t\t\t\t\t\t<div class=\"elementor-accordion-item\">\n\t\t\t\t\t<div id=\"elementor-tab-title-2524\" class=\"elementor-tab-title\" data-tab=\"4\" role=\"button\" aria-controls=\"elementor-tab-content-2524\" aria-expanded=\"false\">\n\t\t\t\t\t\t\t\t\t\t\t\t\t<span class=\"elementor-accordion-icon elementor-accordion-icon-left\" aria-hidden=\"true\">\n\t\t\t\t\t\t\t\t\t\t\t\t\t\t\t<span class=\"elementor-accordion-icon-closed\"><i class=\"fas fa-angle-down\"><\/i><\/span>\n\t\t\t\t\t\t\t\t<span class=\"elementor-accordion-icon-opened\"><i class=\"fas fa-angle-up\"><\/i><\/span>\n\t\t\t\t\t\t\t\t\t\t\t\t\t\t<\/span>\n\t\t\t\t\t\t\t\t\t\t\t\t<a class=\"elementor-accordion-title\" tabindex=\"0\">Ofisler ka\u00e7 metrekaredir?<\/a>\n\t\t\t\t\t<\/div>\n\t\t\t\t\t<div id=\"elementor-tab-content-2524\" class=\"elementor-tab-content elementor-clearfix\" data-tab=\"4\" role=\"region\" aria-labelledby=\"elementor-tab-title-2524\">Ofislerimiz genellikle 30, 42.5, 85 metrekaredir.<\/div>\n\t\t\t\t<\/div>\n\t\t\t\t\t\t\t<div class=\"elementor-accordion-item\">\n\t\t\t\t\t<div id=\"elementor-tab-title-2525\" class=\"elementor-tab-title\" data-tab=\"5\" role=\"button\" aria-controls=\"elementor-tab-content-2525\" aria-expanded=\"false\">\n\t\t\t\t\t\t\t\t\t\t\t\t\t<span class=\"elementor-accordion-icon elementor-accordion-icon-left\" aria-hidden=\"true\">\n\t\t\t\t\t\t\t\t\t\t\t\t\t\t\t<span class=\"elementor-accordion-icon-closed\"><i class=\"fas fa-angle-down\"><\/i><\/span>\n\t\t\t\t\t\t\t\t<span class=\"elementor-accordion-icon-opened\"><i class=\"fas fa-angle-up\"><\/i><\/span>\n\t\t\t\t\t\t\t\t\t\t\t\t\t\t<\/span>\n\t\t\t\t\t\t\t\t\t\t\t\t<a class=\"elementor-accordion-title\" tabindex=\"0\">Ba\u015fvuru kabul\u00fcnden sonra kira s\u00f6zle\u015fmesi ne kadar s\u00fcre ile yap\u0131l\u0131r?<\/a>\n\t\t\t\t\t<\/div>\n\t\t\t\t\t<div id=\"elementor-tab-content-2525\" class=\"elementor-tab-content elementor-clearfix\" data-tab=\"5\" role=\"region\" aria-labelledby=\"elementor-tab-title-2525\">Kira s\u00f6zle\u015fmesi kabul edilen proje s\u00fcresi kadar yap\u0131l\u0131r.<\/div>\n\t\t\t\t<\/div>\n\t\t\t\t\t\t\t<div class=\"elementor-accordion-item\">\n\t\t\t\t\t<div id=\"elementor-tab-title-2526\" class=\"elementor-tab-title\" data-tab=\"6\" role=\"button\" aria-controls=\"elementor-tab-content-2526\" aria-expanded=\"false\">\n\t\t\t\t\t\t\t\t\t\t\t\t\t<span class=\"elementor-accordion-icon elementor-accordion-icon-left\" aria-hidden=\"true\">\n\t\t\t\t\t\t\t\t\t\t\t\t\t\t\t<span class=\"elementor-accordion-icon-closed\"><i class=\"fas fa-angle-down\"><\/i><\/span>\n\t\t\t\t\t\t\t\t<span class=\"elementor-accordion-icon-opened\"><i class=\"fas fa-angle-up\"><\/i><\/span>\n\t\t\t\t\t\t\t\t\t\t\t\t\t\t<\/span>\n\t\t\t\t\t\t\t\t\t\t\t\t<a class=\"elementor-accordion-title\" tabindex=\"0\">Teknokent'te yer alan firmalar\u0131n ald\u0131\u011f\u0131 destekler nelerdir?<\/a>\n\t\t\t\t\t<\/div>\n\t\t\t\t\t<div id=\"elementor-tab-content-2526\" class=\"elementor-tab-content elementor-clearfix\" data-tab=\"6\" role=\"region\" aria-labelledby=\"elementor-tab-title-2526\"><ul><li>Ar-Ge faaliyetlerinden elde edilen gelirlere %100 gelir\/kurumlar vergisi muafiyeti<\/li><li>Teknokent s\u0131n\u0131rlar\u0131 i\u00e7inde \u00e7al\u0131\u015fan Ar-Ge personeli ve akademisyen dan\u0131\u015fmanlar\u0131n \u00fccretlerine %100 gelir vergisi muafiyeti<\/li><li>Teknokent s\u0131n\u0131rlar\u0131 i\u00e7inde geli\u015ftirilen yaz\u0131l\u0131m \u00fcr\u00fcnlerinin sat\u0131\u015f\u0131nda %100 KDV istisnas\u0131<\/li><li>Teknokent b\u00fcnyesindeki Ar-Ge personelinin SGK primi i\u015fveren hissesine %50 muafiyet<\/li><\/ul><\/div>\n\t\t\t\t<\/div>\n\t\t\t\t\t\t\t\t\t\t<script type=\"application\/ld+json\">{\"@context\":\"https:\\\/\\\/schema.org\",\"@type\":\"FAQPage\",\"mainEntity\":[{\"@type\":\"Question\",\"name\":\"Teknokent'e nas\\u0131l ba\\u015fvuru yap\\u0131l\\u0131r?\",\"acceptedAnswer\":{\"@type\":\"Answer\",\"text\":\"<p>Teknokent&#8217;te ofis kiralamak ve faaliyette bulunmak i\\u00e7in Ar-Ge projesi sunman\\u0131z gerekmektedir.<\\\/p><p>Ba\\u015fvuru s\\u00fcreci ak\\u0131\\u015f \\u015femas\\u0131n\\u0131 inceleyebilir ya da ileti\\u015fim adreslerimizden bizimle ileti\\u015fime ge\\u00e7ebilirsiniz.<\\\/p>\"}},{\"@type\":\"Question\",\"name\":\"Pamukkale Teknokent'e ba\\u015fvurular \\u00fccretli midir?\",\"acceptedAnswer\":{\"@type\":\"Answer\",\"text\":\"<p>Pamukkale Teknokent ba\\u015fvurular\\u0131nda firmalardan 12.000 TL (KDV Dahil) ba\\u015fvuru \\u00fccreti al\\u0131nmaktad\\u0131r.<\\\/p><p>Hesap Ad\\u0131 : <br \\\/>Pa\\u00fc Teknoloji Geli\\u015ftB\\u00f6l. Pa\\u00fc Teknokent Y\\u00f6netici A.\\u015e.<\\\/p><p>Banka : Pa\\u00fc Teknoloji Geli\\u015ft B\\u00f6l. Pa\\u00fc Teknokent Y\\u00f6netici A.\\u015e.\\r\\n\\r\\nHalk Bank \\u2013 Pamukkale \\\/ Denizli \\u015fubesi\\r\\n\\u015eube Kodu : 1463\\r\\nHesap No : 10100023\\r\\nIban No : TR79 0001 2001 4630 0010 1000 23<\\\/p>\"}},{\"@type\":\"Question\",\"name\":\"Ba\\u015fvurular ne kadar s\\u00fcrede de\\u011ferlendirilir?\",\"acceptedAnswer\":{\"@type\":\"Answer\",\"text\":\"Ba\\u015fvurular\\u0131n de\\u011ferlendirilmesi formlar\\u0131n tesliminden itibaren en fazla 3 haftal\\u0131k bir s\\u00fcre\\u00e7tir. Bu s\\u00fcre i\\u00e7inde t\\u00fcm s\\u00fcre\\u00e7 tamamlanarak Teknokent Y\\u00f6netim Kurulu karar\\u0131 ile firmalara bildirilir.\"}},{\"@type\":\"Question\",\"name\":\"Ofisler ka\\u00e7 metrekaredir?\",\"acceptedAnswer\":{\"@type\":\"Answer\",\"text\":\"Ofislerimiz genellikle 30, 42.5, 85 metrekaredir.\"}},{\"@type\":\"Question\",\"name\":\"Ba\\u015fvuru kabul\\u00fcnden sonra kira s\\u00f6zle\\u015fmesi ne kadar s\\u00fcre ile yap\\u0131l\\u0131r?\",\"acceptedAnswer\":{\"@type\":\"Answer\",\"text\":\"Kira s\\u00f6zle\\u015fmesi kabul edilen proje s\\u00fcresi kadar yap\\u0131l\\u0131r.\"}},{\"@type\":\"Question\",\"name\":\"Teknokent'te yer alan firmalar\\u0131n ald\\u0131\\u011f\\u0131 destekler nelerdir?\",\"acceptedAnswer\":{\"@type\":\"Answer\",\"text\":\"<ul><li>Ar-Ge faaliyetlerinden elde edilen gelirlere %100 gelir\\\/kurumlar vergisi muafiyeti<\\\/li><li>Teknokent s\\u0131n\\u0131rlar\\u0131 i\\u00e7inde \\u00e7al\\u0131\\u015fan Ar-Ge personeli ve akademisyen dan\\u0131\\u015fmanlar\\u0131n \\u00fccretlerine %100 gelir vergisi muafiyeti<\\\/li><li>Teknokent s\\u0131n\\u0131rlar\\u0131 i\\u00e7inde geli\\u015ftirilen yaz\\u0131l\\u0131m \\u00fcr\\u00fcnlerinin sat\\u0131\\u015f\\u0131nda %100 KDV istisnas\\u0131<\\\/li><li>Teknokent b\\u00fcnyesindeki Ar-Ge personelinin SGK primi i\\u015fveren hissesine %50 muafiyet<\\\/li><\\\/ul>\"}}]}<\/script>\n\t\t\t\t\t<\/div>\n\t\t\t\t\t\t<\/div>\n\t\t\t\t<\/div>\n\t\t\t\t\t<\/div>\n\t\t<\/div>\n\t\t\t\t\t<\/div>\n\t\t<\/section>\n\t\t\t\t<\/div>\n\t\t","protected":false},"excerpt":{"rendered":"<p>&nbsp; Pamukkale Teknokent ile ilgili Merak Ettikleriniz Teknokent&#8217;e nas\u0131l ba\u015fvuru yap\u0131l\u0131r? Teknokent\u2019te ofis kiralamak ve faaliyette bulunmak i\u00e7in Ar-Ge projesi sunman\u0131z gerekmektedir. Ba\u015fvuru s\u00fcreci ak\u0131\u015f \u015femas\u0131n\u0131 inceleyebilir ya da ileti\u015fim [&hellip;]<\/p>\n","protected":false},"author":1,"featured_media":0,"parent":0,"menu_order":0,"comment_status":"closed","ping_status":"closed","template":"","meta":{"_acf_changed":false,"_price":"","_stock":"","_tribe_ticket_header":"","_tribe_default_ticket_provider":"","_tribe_ticket_capacity":"","_ticket_start_date":"","_ticket_end_date":"","_tribe_ticket_show_description":"","_tribe_ticket_show_not_going":false,"_tribe_ticket_use_global_stock":"","_tribe_ticket_global_stock_level":"","_global_stock_mode":"","_global_stock_cap":"","_tribe_rsvp_for_event":"","_tribe_ticket_going_count":"","_tribe_ticket_not_going_count":"","_tribe_tickets_list":"[]","_tribe_ticket_has_attendee_info_fields":false,"footnotes":""},"class_list":["post-191","page","type-page","status-publish","hentry"],"acf":[],"_links":{"self":[{"href":"https:\/\/www.pauteknokent.com.tr\/en\/wp-json\/wp\/v2\/pages\/191","targetHints":{"allow":["GET"]}}],"collection":[{"href":"https:\/\/www.pauteknokent.com.tr\/en\/wp-json\/wp\/v2\/pages"}],"about":[{"href":"https:\/\/www.pauteknokent.com.tr\/en\/wp-json\/wp\/v2\/types\/page"}],"author":[{"embeddable":true,"href":"https:\/\/www.pauteknokent.com.tr\/en\/wp-json\/wp\/v2\/users\/1"}],"replies":[{"embeddable":true,"href":"https:\/\/www.pauteknokent.com.tr\/en\/wp-json\/wp\/v2\/comments?post=191"}],"version-history":[{"count":1,"href":"https:\/\/www.pauteknokent.com.tr\/en\/wp-json\/wp\/v2\/pages\/191\/revisions"}],"predecessor-version":[{"id":3788,"href":"https:\/\/www.pauteknokent.com.tr\/en\/wp-json\/wp\/v2\/pages\/191\/revisions\/3788"}],"wp:attachment":[{"href":"https:\/\/www.pauteknokent.com.tr\/en\/wp-json\/wp\/v2\/media?parent=191"}],"curies":[{"name":"wp","href":"https:\/\/api.w.org\/{rel}","templated":true}]}}