{"id":1636,"date":"2024-01-01T11:28:59","date_gmt":"2024-01-01T08:28:59","guid":{"rendered":"https:\/\/new.pauteknokent.com.tr\/?page_id=1636"},"modified":"2026-04-03T15:37:47","modified_gmt":"2026-04-03T12:37:47","slug":"referee-application-form","status":"publish","type":"page","link":"https:\/\/www.pauteknokent.com.tr\/en\/referee-application-form","title":{"rendered":"Referee Application Form"},"content":{"rendered":"\t\t<div data-elementor-type=\"wp-page\" data-elementor-id=\"1636\" class=\"elementor elementor-1636\" data-elementor-post-type=\"page\">\n\t\t\t\t\t\t<section class=\"elementor-section elementor-top-section elementor-element elementor-element-73ee565 elementor-section-boxed elementor-section-height-default elementor-section-height-default\" data-id=\"73ee565\" data-element_type=\"section\" data-e-type=\"section\" data-settings=\"{&quot;ekit_has_onepagescroll_dot&quot;:&quot;yes&quot;}\">\n\t\t\t\t\t\t<div class=\"elementor-container elementor-column-gap-default\">\n\t\t\t\t\t<div class=\"elementor-column elementor-col-100 elementor-top-column elementor-element elementor-element-fed3373\" data-id=\"fed3373\" data-element_type=\"column\" data-e-type=\"column\">\n\t\t\t<div class=\"elementor-widget-wrap elementor-element-populated\">\n\t\t\t\t\t\t<div class=\"elementor-element elementor-element-cd1aeb4 elementor-widget elementor-widget-html\" data-id=\"cd1aeb4\" data-element_type=\"widget\" data-e-type=\"widget\" data-settings=\"{&quot;ekit_we_effect_on&quot;:&quot;none&quot;}\" data-widget_type=\"html.default\">\n\t\t\t\t<div class=\"elementor-widget-container\">\n\t\t\t\t\t<script>\njQuery(document).ready(function($){\n    \/\/ Ba\u015flang\u0131\u00e7ta ve radyo butonu de\u011fi\u015fti\u011finde kontrol\n    toggleFieldsAndRequirements();\n    $(\"input[name='form_fields[field_f25deb5]']\").change(toggleFieldsAndRequirements);\n\n    function toggleFieldsAndRequirements() {\n        \/\/ \"#form-field-field_f25deb5-0\" se\u00e7iliyse\n        if ($(\"#form-field-field_f25deb5-0\").is(\":checked\")) {\n            \/\/ \u0130lgili alanlar\u0131 g\u00f6ster ve zorunlu yap\n            $(\"#form-field-field_d7762e6, #form-field-field_4452c5c\").closest('.elementor-field-group').show();\n            $(\"#form-field-field_d7762e6, #form-field-field_4452c5c\").prop('required', true);\n\n            \/\/ Di\u011fer alanlar\u0131 gizle ve zorunluluklar\u0131n\u0131 kald\u0131r\n            $(\"#form-field-field_150ad1b, #form-field-field_98dd2df\").closest('.elementor-field-group').hide();\n            $(\"#form-field-field_150ad1b, #form-field-field_98dd2df\").prop('required', false);\n        }\n        \/\/ \"#form-field-field_f25deb5-1\" se\u00e7iliyse\n        else if ($(\"#form-field-field_f25deb5-1\").is(\":checked\")) {\n            \/\/ \u0130lgili alanlar\u0131 g\u00f6ster ve zorunlu yap\n            $(\"#form-field-field_150ad1b, #form-field-field_98dd2df\").closest('.elementor-field-group').show();\n            $(\"#form-field-field_150ad1b, #form-field-field_98dd2df\").prop('required', true);\n\n            \/\/ Di\u011fer alanlar\u0131 gizle ve zorunluluklar\u0131n\u0131 kald\u0131r\n            $(\"#form-field-field_d7762e6, #form-field-field_4452c5c\").closest('.elementor-field-group').hide();\n            $(\"#form-field-field_d7762e6, #form-field-field_4452c5c\").prop('required', false);\n        }\n        \/\/ Hi\u00e7biri se\u00e7ili de\u011filse t\u00fcm alanlar\u0131 gizle ve zorunluluklar\u0131n\u0131 kald\u0131r\n        else {\n            $(\"#form-field-field_150ad1b, #form-field-field_98dd2df, #form-field-field_d7762e6, #form-field-field_4452c5c\").closest('.elementor-field-group').hide();\n            $(\"#form-field-field_150ad1b, #form-field-field_98dd2df, #form-field-field_d7762e6, #form-field-field_4452c5c\").prop('required', false);\n        }\n    }\n});\n<\/script>\n\t\t\t\t<\/div>\n\t\t\t\t<\/div>\n\t\t\t\t<div class=\"elementor-element elementor-element-e365513 elementor-button-align-start elementor-widget elementor-widget-form\" data-id=\"e365513\" data-element_type=\"widget\" data-e-type=\"widget\" data-settings=\"{&quot;step_next_label&quot;:&quot;Next&quot;,&quot;step_previous_label&quot;:&quot;Previous&quot;,&quot;button_width&quot;:&quot;100&quot;,&quot;step_type&quot;:&quot;number_text&quot;,&quot;step_icon_shape&quot;:&quot;circle&quot;,&quot;ekit_we_effect_on&quot;:&quot;none&quot;}\" data-widget_type=\"form.default\">\n\t\t\t\t<div class=\"elementor-widget-container\">\n\t\t\t\t\t\t\t<form class=\"elementor-form\" method=\"post\" name=\"Hakem Ba\u015fvuru Formu\" aria-label=\"Hakem Ba\u015fvuru Formu\">\n\t\t\t<input type=\"hidden\" name=\"post_id\" value=\"1636\"\/>\n\t\t\t<input type=\"hidden\" name=\"form_id\" value=\"e365513\"\/>\n\t\t\t<input type=\"hidden\" name=\"referer_title\" value=\"Hakem Ba\u015fvuru Formu - Pamukkale Teknokent Y\u00f6netici A.\u015e.\" \/>\n\n\t\t\t\t\t\t\t<input type=\"hidden\" name=\"queried_id\" value=\"1636\"\/>\n\t\t\t\n\t\t\t<div class=\"elementor-form-fields-wrapper elementor-labels-above\">\n\t\t\t\t\t\t\t\t<div class=\"elementor-field-type-radio elementor-field-group elementor-column elementor-field-group-field_f25deb5 elementor-col-100 elementor-field-required\">\n\t\t\t\t\t\t\t\t\t\t\t\t<label for=\"form-field-field_f25deb5\" class=\"elementor-field-label\">\n\t\t\t\t\t\t\t\tBa\u015fvuru t\u00fcr\u00fc\t\t\t\t\t\t\t<\/label>\n\t\t\t\t\t\t<div class=\"elementor-field-subgroup  elementor-subgroup-inline\"><span class=\"elementor-field-option\"><input type=\"radio\" value=\"Akademisyen Ba\u015fvurusu\" id=\"form-field-field_f25deb5-0\" name=\"form_fields[field_f25deb5]\" checked=\"checked\" required=\"required\"> <label for=\"form-field-field_f25deb5-0\">Akademisyen Ba\u015fvurusu<\/label><\/span><span class=\"elementor-field-option\"><input type=\"radio\" value=\"Sekt\u00f6r Temsilcisi Ba\u015fvurusu\" id=\"form-field-field_f25deb5-1\" name=\"form_fields[field_f25deb5]\" required=\"required\"> <label for=\"form-field-field_f25deb5-1\">Sekt\u00f6r Temsilcisi Ba\u015fvurusu<\/label><\/span><\/div>\t\t\t\t<\/div>\n\t\t\t\t\t\t\t\t<div class=\"elementor-field-type-text elementor-field-group elementor-column elementor-field-group-name elementor-col-50 elementor-field-required\">\n\t\t\t\t\t\t\t\t\t\t\t\t<label for=\"form-field-name\" class=\"elementor-field-label\">\n\t\t\t\t\t\t\t\tAd\t\t\t\t\t\t\t<\/label>\n\t\t\t\t\t\t\t\t\t\t\t\t\t\t<input size=\"1\" type=\"text\" name=\"form_fields[name]\" id=\"form-field-name\" class=\"elementor-field elementor-size-sm  elementor-field-textual\" required=\"required\">\n\t\t\t\t\t\t\t\t\t\t\t<\/div>\n\t\t\t\t\t\t\t\t<div class=\"elementor-field-type-text elementor-field-group elementor-column elementor-field-group-field_9478020 elementor-col-50 elementor-field-required\">\n\t\t\t\t\t\t\t\t\t\t\t\t<label for=\"form-field-field_9478020\" class=\"elementor-field-label\">\n\t\t\t\t\t\t\t\tSoyad\t\t\t\t\t\t\t<\/label>\n\t\t\t\t\t\t\t\t\t\t\t\t\t\t<input size=\"1\" type=\"text\" name=\"form_fields[field_9478020]\" id=\"form-field-field_9478020\" class=\"elementor-field elementor-size-sm  elementor-field-textual\" required=\"required\">\n\t\t\t\t\t\t\t\t\t\t\t<\/div>\n\t\t\t\t\t\t\t\t<div class=\"elementor-field-type-text elementor-field-group elementor-column elementor-field-group-field_d7762e6 elementor-col-50\">\n\t\t\t\t\t\t\t\t\t\t\t\t<label for=\"form-field-field_d7762e6\" class=\"elementor-field-label\">\n\t\t\t\t\t\t\t\tFak\u00fclte\t\t\t\t\t\t\t<\/label>\n\t\t\t\t\t\t\t\t\t\t\t\t\t\t<input size=\"1\" type=\"text\" name=\"form_fields[field_d7762e6]\" id=\"form-field-field_d7762e6\" class=\"elementor-field elementor-size-sm  elementor-field-textual\">\n\t\t\t\t\t\t\t\t\t\t\t<\/div>\n\t\t\t\t\t\t\t\t<div class=\"elementor-field-type-text elementor-field-group elementor-column elementor-field-group-field_4452c5c elementor-col-50\">\n\t\t\t\t\t\t\t\t\t\t\t\t<label for=\"form-field-field_4452c5c\" class=\"elementor-field-label\">\n\t\t\t\t\t\t\t\tB\u00f6l\u00fcm\t\t\t\t\t\t\t<\/label>\n\t\t\t\t\t\t\t\t\t\t\t\t\t\t<input size=\"1\" type=\"text\" name=\"form_fields[field_4452c5c]\" id=\"form-field-field_4452c5c\" class=\"elementor-field elementor-size-sm  elementor-field-textual\">\n\t\t\t\t\t\t\t\t\t\t\t<\/div>\n\t\t\t\t\t\t\t\t<div class=\"elementor-field-type-text elementor-field-group elementor-column elementor-field-group-field_150ad1b elementor-col-50\">\n\t\t\t\t\t\t\t\t\t\t\t\t<label for=\"form-field-field_150ad1b\" class=\"elementor-field-label\">\n\t\t\t\t\t\t\t\t\u015eirket\t\t\t\t\t\t\t<\/label>\n\t\t\t\t\t\t\t\t\t\t\t\t\t\t<input size=\"1\" type=\"text\" name=\"form_fields[field_150ad1b]\" id=\"form-field-field_150ad1b\" class=\"elementor-field elementor-size-sm  elementor-field-textual\">\n\t\t\t\t\t\t\t\t\t\t\t<\/div>\n\t\t\t\t\t\t\t\t<div class=\"elementor-field-type-text elementor-field-group elementor-column elementor-field-group-field_98dd2df elementor-col-50\">\n\t\t\t\t\t\t\t\t\t\t\t\t<label for=\"form-field-field_98dd2df\" class=\"elementor-field-label\">\n\t\t\t\t\t\t\t\tSekt\u00f6r\t\t\t\t\t\t\t<\/label>\n\t\t\t\t\t\t\t\t\t\t\t\t\t\t<input size=\"1\" type=\"text\" name=\"form_fields[field_98dd2df]\" id=\"form-field-field_98dd2df\" class=\"elementor-field elementor-size-sm  elementor-field-textual\">\n\t\t\t\t\t\t\t\t\t\t\t<\/div>\n\t\t\t\t\t\t\t\t<div class=\"elementor-field-type-number elementor-field-group elementor-column elementor-field-group-field_6d9b3a9 elementor-col-50 elementor-field-required\">\n\t\t\t\t\t\t\t\t\t\t\t\t<label for=\"form-field-field_6d9b3a9\" class=\"elementor-field-label\">\n\t\t\t\t\t\t\t\tT.C.K No.\t\t\t\t\t\t\t<\/label>\n\t\t\t\t\t\t\t\t\t<input type=\"number\" name=\"form_fields[field_6d9b3a9]\" id=\"form-field-field_6d9b3a9\" class=\"elementor-field elementor-size-sm  elementor-field-textual\" required=\"required\" min=\"\" max=\"\" >\n\t\t\t\t\t\t<\/div>\n\t\t\t\t\t\t\t\t<div class=\"elementor-field-type-date elementor-field-group elementor-column elementor-field-group-field_655d641 elementor-col-50 elementor-field-required\">\n\t\t\t\t\t\t\t\t\t\t\t\t<label for=\"form-field-field_655d641\" class=\"elementor-field-label\">\n\t\t\t\t\t\t\t\tDo\u011fum Tarihi\t\t\t\t\t\t\t<\/label>\n\t\t\t\t\t\t\n\t\t<input type=\"date\" name=\"form_fields[field_655d641]\" id=\"form-field-field_655d641\" class=\"elementor-field elementor-size-sm  elementor-field-textual elementor-date-field\" required=\"required\" pattern=\"[0-9]{4}-[0-9]{2}-[0-9]{2}\">\n\t\t\t\t\t\t<\/div>\n\t\t\t\t\t\t\t\t<div class=\"elementor-field-type-email elementor-field-group elementor-column elementor-field-group-email elementor-col-50 elementor-field-required\">\n\t\t\t\t\t\t\t\t\t\t\t\t<label for=\"form-field-email\" class=\"elementor-field-label\">\n\t\t\t\t\t\t\t\tE-posta\t\t\t\t\t\t\t<\/label>\n\t\t\t\t\t\t\t\t\t\t\t\t\t\t<input size=\"1\" type=\"email\" name=\"form_fields[email]\" id=\"form-field-email\" class=\"elementor-field elementor-size-sm  elementor-field-textual\" required=\"required\">\n\t\t\t\t\t\t\t\t\t\t\t<\/div>\n\t\t\t\t\t\t\t\t<div class=\"elementor-field-type-tel elementor-field-group elementor-column elementor-field-group-message elementor-col-50 elementor-field-required\">\n\t\t\t\t\t\t\t\t\t\t\t\t<label for=\"form-field-message\" class=\"elementor-field-label\">\n\t\t\t\t\t\t\t\tTelefon\t\t\t\t\t\t\t<\/label>\n\t\t\t\t\t\t\t\t<input size=\"1\" type=\"tel\" name=\"form_fields[message]\" id=\"form-field-message\" class=\"elementor-field elementor-size-sm  elementor-field-textual\" required=\"required\" pattern=\"[0-9()#&amp;+*-=.]+\" title=\"Yaln\u0131zca say\u0131lar ve telefon karakterleri (#, -, *, vb.) kabul edilir.\">\n\n\t\t\t\t\t\t<\/div>\n\t\t\t\t\t\t\t\t<div class=\"elementor-field-type-text elementor-field-group elementor-column elementor-field-group-field_aad99e0 elementor-col-50 elementor-field-required\">\n\t\t\t\t\t\t\t\t\t\t\t\t<label for=\"form-field-field_aad99e0\" class=\"elementor-field-label\">\n\t\t\t\t\t\t\t\t\u00c7al\u0131\u015fma alan\u0131\t\t\t\t\t\t\t<\/label>\n\t\t\t\t\t\t\t\t\t\t\t\t\t\t<input size=\"1\" type=\"text\" name=\"form_fields[field_aad99e0]\" id=\"form-field-field_aad99e0\" class=\"elementor-field elementor-size-sm  elementor-field-textual\" required=\"required\">\n\t\t\t\t\t\t\t\t\t\t\t<\/div>\n\t\t\t\t\t\t\t\t<div class=\"elementor-field-type-text elementor-field-group elementor-column elementor-field-group-field_d144efd elementor-col-50\">\n\t\t\t\t\t\t\t\t\t\t\t\t<label for=\"form-field-field_d144efd\" class=\"elementor-field-label\">\n\t\t\t\t\t\t\t\tUzmanl\u0131k Tez konusu\/konular\u0131\t\t\t\t\t\t\t<\/label>\n\t\t\t\t\t\t\t\t\t\t\t\t\t\t<input size=\"1\" type=\"text\" name=\"form_fields[field_d144efd]\" id=\"form-field-field_d144efd\" class=\"elementor-field elementor-size-sm  elementor-field-textual\">\n\t\t\t\t\t\t\t\t\t\t\t<\/div>\n\t\t\t\t\t\t\t\t<div class=\"elementor-field-type-text elementor-field-group elementor-column elementor-field-group-field_508db63 elementor-col-50\">\n\t\t\t\t\t\t\t\t\t\t\t\t<label for=\"form-field-field_508db63\" class=\"elementor-field-label\">\n\t\t\t\t\t\t\t\tG\u00f6rev ald\u0131\u011f\u0131n\u0131z proje ba\u015fl\u0131\u011f\u0131 (varsa)\t\t\t\t\t\t\t<\/label>\n\t\t\t\t\t\t\t\t\t\t\t\t\t\t<input size=\"1\" type=\"text\" name=\"form_fields[field_508db63]\" id=\"form-field-field_508db63\" class=\"elementor-field elementor-size-sm  elementor-field-textual\">\n\t\t\t\t\t\t\t\t\t\t\t<\/div>\n\t\t\t\t\t\t\t\t<div class=\"elementor-field-type-text elementor-field-group elementor-column elementor-field-group-field_fa9a54d elementor-col-50\">\n\t\t\t\t\t\t\t\t\t\t\t\t<label for=\"form-field-field_fa9a54d\" class=\"elementor-field-label\">\n\t\t\t\t\t\t\t\tG\u00f6rev ald\u0131\u011f\u0131n\u0131z proje rol\u00fc (varsa)\t\t\t\t\t\t\t<\/label>\n\t\t\t\t\t\t\t\t\t\t\t\t\t\t<input size=\"1\" type=\"text\" name=\"form_fields[field_fa9a54d]\" id=\"form-field-field_fa9a54d\" class=\"elementor-field elementor-size-sm  elementor-field-textual\">\n\t\t\t\t\t\t\t\t\t\t\t<\/div>\n\t\t\t\t\t\t\t\t<div class=\"elementor-field-type-text elementor-field-group elementor-column elementor-field-group-field_be0cfd7 elementor-col-50 elementor-field-required\">\n\t\t\t\t\t\t\t\t\t\t\t\t<label for=\"form-field-field_be0cfd7\" class=\"elementor-field-label\">\n\t\t\t\t\t\t\t\tBanka Bilgisi\t\t\t\t\t\t\t<\/label>\n\t\t\t\t\t\t\t\t\t\t\t\t\t\t<input size=\"1\" type=\"text\" name=\"form_fields[field_be0cfd7]\" id=\"form-field-field_be0cfd7\" class=\"elementor-field elementor-size-sm  elementor-field-textual\" required=\"required\">\n\t\t\t\t\t\t\t\t\t\t\t<\/div>\n\t\t\t\t\t\t\t\t<div class=\"elementor-field-type-text elementor-field-group elementor-column elementor-field-group-field_4732daf elementor-col-50 elementor-field-required\">\n\t\t\t\t\t\t\t\t\t\t\t\t<label for=\"form-field-field_4732daf\" class=\"elementor-field-label\">\n\t\t\t\t\t\t\t\t\u0130ban Bilgisi\t\t\t\t\t\t\t<\/label>\n\t\t\t\t\t\t\t\t\t\t\t\t\t\t<input size=\"1\" type=\"text\" name=\"form_fields[field_4732daf]\" id=\"form-field-field_4732daf\" class=\"elementor-field elementor-size-sm  elementor-field-textual\" required=\"required\">\n\t\t\t\t\t\t\t\t\t\t\t<\/div>\n\t\t\t\t\t\t\t\t<div class=\"elementor-field-type-radio elementor-field-group elementor-column elementor-field-group-field_3846738 elementor-col-50 elementor-field-required\">\n\t\t\t\t\t\t\t\t\t\t\t\t<label for=\"form-field-field_3846738\" class=\"elementor-field-label\">\n\t\t\t\t\t\t\t\tE-\u0130mza\t\t\t\t\t\t\t<\/label>\n\t\t\t\t\t\t<div class=\"elementor-field-subgroup  elementor-subgroup-inline\"><span class=\"elementor-field-option\"><input type=\"radio\" value=\"Var\" id=\"form-field-field_3846738-0\" name=\"form_fields[field_3846738]\" required=\"required\"> <label for=\"form-field-field_3846738-0\">Var<\/label><\/span><span class=\"elementor-field-option\"><input type=\"radio\" value=\"Yok\" id=\"form-field-field_3846738-1\" name=\"form_fields[field_3846738]\" required=\"required\"> <label for=\"form-field-field_3846738-1\">Yok<\/label><\/span><\/div>\t\t\t\t<\/div>\n\t\t\t\t\t\t\t\t<div class=\"elementor-field-type-radio elementor-field-group elementor-column elementor-field-group-field_a6e07b4 elementor-col-50 elementor-field-required\">\n\t\t\t\t\t\t\t\t\t\t\t\t<label for=\"form-field-field_a6e07b4\" class=\"elementor-field-label\">\n\t\t\t\t\t\t\t\t\u00dcniversite Sanayi \u0130\u015fbirli\u011fine kat\u0131lmak ister misiniz?\t\t\t\t\t\t\t<\/label>\n\t\t\t\t\t\t<div class=\"elementor-field-subgroup  elementor-subgroup-inline\"><span class=\"elementor-field-option\"><input type=\"radio\" value=\"Evet\" id=\"form-field-field_a6e07b4-0\" name=\"form_fields[field_a6e07b4]\" required=\"required\"> <label for=\"form-field-field_a6e07b4-0\">Evet<\/label><\/span><span class=\"elementor-field-option\"><input type=\"radio\" value=\"Hay\u0131r\" id=\"form-field-field_a6e07b4-1\" name=\"form_fields[field_a6e07b4]\" required=\"required\"> <label for=\"form-field-field_a6e07b4-1\">Hay\u0131r<\/label><\/span><\/div>\t\t\t\t<\/div>\n\t\t\t\t\t\t\t\t<div class=\"elementor-field-type-acceptance elementor-field-group elementor-column elementor-field-group-field_3708d78 elementor-col-50 elementor-field-required\">\n\t\t\t\t\t\t\t\t\t\t\t\t<label for=\"form-field-field_3708d78\" class=\"elementor-field-label\">\n\t\t\t\t\t\t\t\tkvkk\t\t\t\t\t\t\t<\/label>\n\t\t\t\t\t\t\t\t<div class=\"elementor-field-subgroup\">\n\t\t\t<span class=\"elementor-field-option\">\n\t\t\t\t<input type=\"checkbox\" name=\"form_fields[field_3708d78]\" id=\"form-field-field_3708d78\" class=\"elementor-field elementor-size-sm  elementor-acceptance-field\" required=\"required\">\n\t\t\t\t<label for=\"form-field-field_3708d78\"> <a href=\"#popmake-3954\" class=\"pum-trigger\">KVKK Ayd\u0131nlatma Metni<\/a>'ni okudum. Onayl\u0131yorum.<\/label>\t\t\t<\/span>\n\t\t<\/div>\n\t\t\t\t\t\t<\/div>\n\t\t\t\t\t\t\t\t<div class=\"elementor-field-type-recaptcha elementor-field-group elementor-column elementor-field-group-field_b56b05f elementor-col-100\">\n\t\t\t\t\t<div class=\"elementor-field\" id=\"form-field-field_b56b05f\"><div class=\"elementor-g-recaptcha\" data-sitekey=\"6Ldxd1IpAAAAACjoNhF96Q3fu_9ABwZJbstAx6lG\" data-type=\"v2_checkbox\" data-theme=\"light\" data-size=\"normal\"><\/div><\/div>\t\t\t\t<\/div>\n\t\t\t\t\t\t\t\t<div class=\"elementor-field-group elementor-column elementor-field-type-submit elementor-col-100 e-form__buttons\">\n\t\t\t\t\t<button class=\"elementor-button elementor-size-sm\" type=\"submit\">\n\t\t\t\t\t\t<span class=\"elementor-button-content-wrapper\">\n\t\t\t\t\t\t\t\t\t\t\t\t\t\t\t\t\t\t\t\t\t\t<span class=\"elementor-button-text\">G\u00f6nder<\/span>\n\t\t\t\t\t\t\t\t\t\t\t\t\t<\/span>\n\t\t\t\t\t<\/button>\n\t\t\t\t<\/div>\n\t\t\t<\/div>\n\t\t<\/form>\n\t\t\t\t\t\t<\/div>\n\t\t\t\t<\/div>\n\t\t\t\t\t<\/div>\n\t\t<\/div>\n\t\t\t\t\t<\/div>\n\t\t<\/section>\n\t\t\t\t<\/div>\n\t\t","protected":false},"excerpt":{"rendered":"","protected":false},"author":1,"featured_media":0,"parent":0,"menu_order":0,"comment_status":"closed","ping_status":"closed","template":"","meta":{"_acf_changed":false,"_price":"","_stock":"","_tribe_ticket_header":"","_tribe_default_ticket_provider":"","_tribe_ticket_capacity":"","_ticket_start_date":"","_ticket_end_date":"","_tribe_ticket_show_description":"","_tribe_ticket_show_not_going":false,"_tribe_ticket_use_global_stock":"","_tribe_ticket_global_stock_level":"","_global_stock_mode":"","_global_stock_cap":"","_tribe_rsvp_for_event":"","_tribe_ticket_going_count":"","_tribe_ticket_not_going_count":"","_tribe_tickets_list":"[]","_tribe_ticket_has_attendee_info_fields":false,"footnotes":""},"class_list":["post-1636","page","type-page","status-publish","hentry"],"acf":[],"_links":{"self":[{"href":"https:\/\/www.pauteknokent.com.tr\/en\/wp-json\/wp\/v2\/pages\/1636","targetHints":{"allow":["GET"]}}],"collection":[{"href":"https:\/\/www.pauteknokent.com.tr\/en\/wp-json\/wp\/v2\/pages"}],"about":[{"href":"https:\/\/www.pauteknokent.com.tr\/en\/wp-json\/wp\/v2\/types\/page"}],"author":[{"embeddable":true,"href":"https:\/\/www.pauteknokent.com.tr\/en\/wp-json\/wp\/v2\/users\/1"}],"replies":[{"embeddable":true,"href":"https:\/\/www.pauteknokent.com.tr\/en\/wp-json\/wp\/v2\/comments?post=1636"}],"version-history":[{"count":42,"href":"https:\/\/www.pauteknokent.com.tr\/en\/wp-json\/wp\/v2\/pages\/1636\/revisions"}],"predecessor-version":[{"id":3979,"href":"https:\/\/www.pauteknokent.com.tr\/en\/wp-json\/wp\/v2\/pages\/1636\/revisions\/3979"}],"wp:attachment":[{"href":"https:\/\/www.pauteknokent.com.tr\/en\/wp-json\/wp\/v2\/media?parent=1636"}],"curies":[{"name":"wp","href":"https:\/\/api.w.org\/{rel}","templated":true}]}}